{"id":41,"date":"2021-03-25T20:51:23","date_gmt":"2021-03-25T19:51:23","guid":{"rendered":"http:\/\/zseg.edu.pl\/?p=41"},"modified":"2025-06-06T10:57:10","modified_gmt":"2025-06-06T08:57:10","slug":"dokumenty","status":"publish","type":"page","link":"http:\/\/zseg.edu.pl\/index.php\/dokumenty\/","title":{"rendered":"Deklaracja dost\u0119pno\u015bci"},"content":{"rendered":"\n<p>Zesp\u00f3\u0142 Szk\u00f3\u0142 Ekonomiczno-Gastronomicznych im. St. Staszica w Otwocku zobowi\u0105zuje si\u0119 zapewni\u0107 dost\u0119pno\u015b\u0107 swojej strony internetowej zgodnie z przepisami ustawy z dnia 4 kwietnia 2019 r. o dost\u0119pno\u015bci cyfrowej stron internetowych i aplikacji mobilnych podmiot\u00f3w publicznych. O\u015bwiadczenie w sprawie dost\u0119pno\u015bci ma zastosowanie do strony internetowej:&nbsp;<strong>http:\/\/zseg.edu.pl<\/strong><\/p>\n\n\n\n<h3 class=\"wp-block-heading\">Status pod wzgl\u0119dem zgodno\u015bci z&nbsp;ustaw\u0105<\/h3>\n\n\n\n<p>Strona internetowa jest <strong>cz\u0119\u015bciowo zgodna<\/strong> z&nbsp;ustaw\u0105 o&nbsp;dost\u0119pno\u015bci cyfrowej stron internetowych i&nbsp;aplikacji mobilnych podmiot\u00f3w publicznych z&nbsp;powodu niezgodno\u015bci lub wy\u0142\u0105cze\u0144 wymienionych poni\u017cej.<\/p>\n\n\n\n<ul class=\"wp-block-list\">\n<li>niekt\u00f3re elementy tekstowe nie maj\u0105 mo\u017cliwo\u015bci zmiany rozmiaru czcionki<\/li>\n\n\n\n<li>niekt\u00f3re informacje przedstawiono jedynie w&nbsp;formie graficznej<\/li>\n\n\n\n<li>nie jest mo\u017cliwe wy\u0142\u0105czenie automatycznego przesuwania si\u0119 obraz\u00f3w<\/li>\n\n\n\n<li>nie jest dost\u0119pna nazwa dla niekt\u00f3rych link\u00f3w do obraz\u00f3w<\/li>\n\n\n\n<li>nie wszystkie obrazy zawieraj\u0105 tytu\u0142y i opisy alternatywne<\/li>\n\n\n\n<li>filmy zamieszczone na stronie nie posiadaj\u0105 napis\u00f3w dla os\u00f3b g\u0142uchych, audiodeskrypcji oraz t\u0142umaczenia migowego<\/li>\n\n\n\n<li>pliki tekstowe (pdf, doc.) s\u0105 cz\u0119\u015bciowo dost\u0119pne cyfrowo i b\u0119d\u0105 na bie\u017c\u0105co dostosowywane<\/li>\n\n\n\n<li>Pe\u0142ne poprawienie dost\u0119pno\u015bci strony wi\u0105za\u0142oby si\u0119 z nadmiernym podniesieniem koszt\u00f3w dla naszej plac\u00f3wki<\/li>\n<\/ul>\n\n\n\n<p><strong>Data sporz\u0105dzenia Deklaracji i metoda oceny dost\u0119pno\u015bci cyfrowej<\/strong><\/p>\n\n\n\n<p>O\u015bwiadczenie sporz\u0105dzono dnia:&nbsp;<strong>2019-11-25<\/strong>.<br>Deklaracj\u0119 sporz\u0105dzono na podstawie samooceny przeprowadzonej przez podmiot publiczny.<\/p>\n\n\n\n<p><strong>Informacje zwrotne i dane kontaktowe<\/strong><\/p>\n\n\n\n<p>W przypadku problem\u00f3w z dost\u0119pno\u015bci\u0105 strony internetowej prosimy o kontakt. Osob\u0105 kontaktow\u0105 jest<strong>&nbsp;Ida Gniwek<\/strong>,  e-mail:&nbsp;<strong>uczniowski@zseg.edu.pl<\/strong>. Kontaktowa\u0107 mo\u017cna si\u0119 tak\u017ce dzwoni\u0105c na numer telefonu&nbsp;<strong>(22) 779 26 44 wew. 14<\/strong>. <br>T\u0105 sam\u0105 drog\u0105 mo\u017cna sk\u0142ada\u0107 wnioski o udost\u0119pnienie informacji niedost\u0119pnej oraz sk\u0142ada\u0107 \u017c\u0105dania zapewnienia dost\u0119pno\u015bci.<\/p>\n\n\n\n<p><strong>Informacje na temat procedury odwo\u0142awczej<\/strong><\/p>\n\n\n\n<p>Ka\u017cdy ma prawo do wyst\u0105pienia z \u017c\u0105daniem zapewnienia dost\u0119pno\u015bci cyfrowej strony internetowej, aplikacji mobilnej lub jakiego\u015b ich elementu. Mo\u017cna tak\u017ce za\u017c\u0105da\u0107 udost\u0119pnienia informacji za pomoc\u0105 alternatywnego sposobu dost\u0119pu, na przyk\u0142ad przez odczytanie niedost\u0119pnego cyfrowo dokumentu, opisanie zawarto\u015bci filmu bez audiodeskrypcji itp. \u017b\u0105danie powinno zawiera\u0107 dane osoby zg\u0142aszaj\u0105cej \u017c\u0105danie, wskazanie, o kt\u00f3r\u0105 stron\u0119 internetow\u0105 lub aplikacj\u0119 mobiln\u0105 chodzi oraz spos\u00f3b kontaktu. Je\u017celi osoba \u017c\u0105daj\u0105ca zg\u0142asza potrzeb\u0119 otrzymania informacji za pomoc\u0105 alternatywnego sposobu dost\u0119pu, powinna tak\u017ce okre\u015bli\u0107 dogodny dla niej spos\u00f3b przedstawienia tej informacji. Podmiot publiczny powinien zrealizowa\u0107 \u017c\u0105danie niezw\u0142ocznie, nie p\u00f3\u017aniej ni\u017c w ci\u0105gu 7 dni od dnia wyst\u0105pienia z \u017c\u0105daniem. Je\u017celi dotrzymanie tego terminu nie jest mo\u017cliwe, podmiot publiczny niezw\u0142ocznie informuje o tym wnosz\u0105cego \u017c\u0105danie, kiedy realizacja \u017c\u0105dania b\u0119dzie mo\u017cliwa, przy czym termin ten nie mo\u017ce by\u0107 d\u0142u\u017cszy ni\u017c 2 miesi\u0105ce od dnia wyst\u0105pienia z \u017c\u0105daniem. Je\u017celi zapewnienie dost\u0119pno\u015bci cyfrowej nie jest mo\u017cliwe, podmiot publiczny mo\u017ce zaproponowa\u0107 alternatywny spos\u00f3b dost\u0119pu do informacji. W przypadku, gdy podmiot publiczny odm\u00f3wi realizacji \u017c\u0105dania zapewnienia dost\u0119pno\u015bci lub alternatywnego sposobu dost\u0119pu do informacji, wnosz\u0105cy \u017c\u0105danie mo\u017cne z\u0142o\u017cy\u0107 skarg\u0119 w sprawie zapewniana dost\u0119pno\u015bci cyfrowej strony internetowej, aplikacji mobilnej lub elementu strony internetowej, lub aplikacji mobilnej. Po wyczerpaniu wskazanej wy\u017cej procedury mo\u017cna tak\u017ce z\u0142o\u017cy\u0107 wniosek do Rzecznika Praw Obywatelskich.<\/p>\n\n\n\n<p><strong>Dost\u0119pno\u015b\u0107 architektoniczna<\/strong><\/p>\n\n\n\n<ul class=\"wp-block-list\">\n<li><strong>Dojazd do siedziby ZSEG w Otwocku:<\/strong><br>W odleg\u0142o\u015bci ok. 1,5 km znajduje si\u0119 przystanek autobusowy ZTM linii 702 i 722. W rozk\u0142adzie jazdy autobus\u00f3w poszczeg\u00f3lnych linii wskazane s\u0105 kursy realizowane przez pojazdy niskopod\u0142ogowe.<br>W odleg\u0142o\u015bci ok. 1,5 km znajduje si\u0119 dworzec kolejowy PKP i SKM.<br>W odleg\u0142o\u015bci ok. 300 m znajduje si\u0119 przystanek autobusowy prywatnego przewo\u017anika.<\/li>\n\n\n\n<li>Dost\u0119pno\u015b\u0107 wej\u015bcia: Do budynku prowadzi jedno wej\u015bcie og\u00f3lnodost\u0119pne w godzinach pracy ZSEG, od ulicy Konopnickiej. Przy wej\u015bciu znajduje si\u0119 podjazd dla os\u00f3b z niepe\u0142nosprawno\u015bci\u0105.<\/li>\n\n\n\n<li>Dost\u0119pno\u015b\u0107 parkingu: <strong>ZSEG<\/strong> posiada og\u00f3lnodost\u0119pny parking z dwoma wyznaczonymi miejscami dla os\u00f3b z niepe\u0142nosprawno\u015bci\u0105.<\/li>\n\n\n\n<li>Dost\u0119pno\u015b\u0107 toalety: na parterze znajduje si\u0119 toaleta dostosowana dla os\u00f3b z niepe\u0142nosprawno\u015bci\u0105 ruchow\u0105.<\/li>\n<\/ul>\n\n\n\n<h2 class=\"wp-block-heading\">Informacje dodatkowe<\/h2>\n\n\n\n<p><strong>U\u0142atwienia<\/strong><\/p>\n\n\n\n<ul class=\"wp-block-list\">\n<li>na stronie znajduje si\u0119 mo\u017cliwo\u015b\u0107 zmiany wielko\u015bci czcionki dla cz\u0119\u015bci zawarto\u015bci serwisu internetowego<\/li>\n\n\n\n<li>na stronie znajduje si\u0119 mo\u017cliwo\u015b\u0107 zmiany kontrastu dla cz\u0119\u015bci zawarto\u015bci serwisu<\/li>\n\n\n\n<li>osoby zamieszczaj\u0105ce teksty na stronie dok\u0142adaj\u0105 stara\u0144, aby by\u0142y one zrozumia\u0142e oraz formatowane w spos\u00f3b zgodny z zasadami dost\u0119pno\u015bci<\/li>\n<\/ul>\n\n\n\n<p><strong>Skr\u00f3ty klawiaturowe<\/strong><\/p>\n\n\n\n<ul class=\"wp-block-list\">\n<li>na stronie internetowej mo\u017cna u\u017cywa\u0107 standardowych skr\u00f3t\u00f3w klawiaturowych przegl\u0105darki<\/li>\n<\/ul>\n\n\n\n<h4 class=\"wp-block-heading\" id=\"a11y-procedura\">Obs\u0142uga wniosk\u00f3w i skarg zwi\u0105zanych z dost\u0119pno\u015bci\u0105&nbsp;<\/h4>\n\n\n\n<p>Ka\u017cdy ma prawo do wyst\u0105pienia z \u017c\u0105daniem zapewnienia dost\u0119pno\u015bci cyfrowej tej strony internetowej lub jej element\u00f3w.&nbsp;<\/p>\n\n\n\n<p>W takim \u017c\u0105daniu&nbsp;prosimy o podanie:<\/p>\n\n\n\n<ul class=\"wp-block-list\">\n<li>swojego imienia i nazwiska,<\/li>\n\n\n\n<li>swoich danych kontaktowych,<\/li>\n\n\n\n<li>dok\u0142adnego adres podstrony, na kt\u00f3rej jest niedost\u0119pny cyfrowo element lub tre\u015b\u0107<\/li>\n\n\n\n<li>opisu, na czym polega problem i jaki spos\u00f3b jego rozwi\u0105zania by\u0142by najlepszy wed\u0142ug osoby wyst\u0119puj\u0105cej z \u017c\u0105daniem.<\/li>\n<\/ul>\n\n\n\n<p>Na \u017c\u0105dania zapewnienia dost\u0119pno\u015bci odpowiadamy niezw\u0142ocznie, nie p\u00f3\u017aniej ni\u017c w ci\u0105gu 7 dni. Je\u017celi zapewnienie dost\u0119pno\u015bci strony lub jej element\u00f3w, nie b\u0119dzie mo\u017cliwe w tym terminie, poinformujemy o tym osob\u0119 wskazan\u0105 w \u017c\u0105daniu. Wska\u017cemy tak\u017ce nowy termin za\u0142atwienia sprawy lub zaproponujemy alternatywny spos\u00f3b dost\u0119pu do zakresu wskazanego w \u017c\u0105daniu.<\/p>\n\n\n\n<p>Je\u017celi nasza reakcja, spos\u00f3b zapewnienia dost\u0119pno\u015bci lub zaproponowany dost\u0119p alternatywny, b\u0119dzie niew\u0142a\u015bciwy w ocenie osoby wyst\u0119puj\u0105cej z \u017c\u0105daniem, ma ona prawo do z\u0142o\u017cenia skargi.<\/p>\n\n\n\n<p class=\"has-text-align-right has-medium-font-size\">Aktualizacja na rok 2025<\/p>\n\n\n\n<figure class=\"wp-block-image size-large is-resized\"><a href=\"http:\/\/zsegotwock.szkolnybip.pl\/\" target=\"_blank\" rel=\" noreferrer noopener\"><img loading=\"lazy\" decoding=\"async\" width=\"1024\" height=\"364\" src=\"http:\/\/zseg.edu.pl\/wp-content\/uploads\/2025\/03\/logo_bip-1024x364.jpg\" alt=\"\" class=\"wp-image-7777\" style=\"width:166px;height:auto\" srcset=\"http:\/\/zseg.edu.pl\/wp-content\/uploads\/2025\/03\/logo_bip-1024x364.jpg 1024w, http:\/\/zseg.edu.pl\/wp-content\/uploads\/2025\/03\/logo_bip-300x107.jpg 300w, http:\/\/zseg.edu.pl\/wp-content\/uploads\/2025\/03\/logo_bip-768x273.jpg 768w, http:\/\/zseg.edu.pl\/wp-content\/uploads\/2025\/03\/logo_bip.jpg 1095w\" sizes=\"auto, (max-width: 1024px) 100vw, 1024px\" \/><\/a><\/figure>\n\n\n\n<p class=\"has-electric-grass-gradient-background has-background has-medium-font-size\"><strong>Raporty:<\/strong><\/p>\n\n\n\n<div class=\"wp-block-file\"><a id=\"wp-block-file--media-b4f91ad8-9e30-4a73-8afd-2453b08b4d10\" href=\"http:\/\/zseg.edu.pl\/wp-content\/uploads\/2025\/06\/Raport-ZSEG.pdf\">Raport ZSEG<\/a><a href=\"http:\/\/zseg.edu.pl\/wp-content\/uploads\/2025\/06\/Raport-ZSEG.pdf\" class=\"wp-block-file__button wp-element-button\" download aria-describedby=\"wp-block-file--media-b4f91ad8-9e30-4a73-8afd-2453b08b4d10\">Pobierz<\/a><\/div>\n\n\n\n<div class=\"wp-block-file\"><a id=\"wp-block-file--media-1a0456bf-8317-4d4d-9d3b-d2880c80080f\" href=\"http:\/\/zseg.edu.pl\/wp-content\/uploads\/2025\/06\/TECHNIKUM-NR-1-W-OTWOCKU-ZESPOL-SZKOL-EKONOMICZNO-GASTRONOMICZNYCH-IM.-STANISLAWA-STASZICA-W-OTWOCKU.pdf\">TECHNIKUM NR 1 W OTWOCKU ZESP\u00d3\u0141 SZK\u00d3\u0141 EKONOMICZNO-GASTRONOMICZNYCH IM. STANIS\u0141AWA STASZICA W OTWOCKU<\/a><a href=\"http:\/\/zseg.edu.pl\/wp-content\/uploads\/2025\/06\/TECHNIKUM-NR-1-W-OTWOCKU-ZESPOL-SZKOL-EKONOMICZNO-GASTRONOMICZNYCH-IM.-STANISLAWA-STASZICA-W-OTWOCKU.pdf\" class=\"wp-block-file__button wp-element-button\" download aria-describedby=\"wp-block-file--media-1a0456bf-8317-4d4d-9d3b-d2880c80080f\">Pobierz<\/a><\/div>\n\n\n\n<div class=\"wp-block-file\"><a id=\"wp-block-file--media-f8ba4bd4-a47a-4fb6-b24f-2b387adc8da8\" href=\"http:\/\/zseg.edu.pl\/wp-content\/uploads\/2025\/06\/raport-3.pdf\">raport 3<\/a><a href=\"http:\/\/zseg.edu.pl\/wp-content\/uploads\/2025\/06\/raport-3.pdf\" class=\"wp-block-file__button wp-element-button\" download aria-describedby=\"wp-block-file--media-f8ba4bd4-a47a-4fb6-b24f-2b387adc8da8\">Pobierz<\/a><\/div>\n\n\n\n<div class=\"wp-block-file\"><a id=\"wp-block-file--media-28d09f43-bb85-4a8b-8edb-500027c39941\" href=\"http:\/\/zseg.edu.pl\/wp-content\/uploads\/2025\/06\/raport-4.pdf\">raport 4<\/a><a href=\"http:\/\/zseg.edu.pl\/wp-content\/uploads\/2025\/06\/raport-4.pdf\" class=\"wp-block-file__button wp-element-button\" download aria-describedby=\"wp-block-file--media-28d09f43-bb85-4a8b-8edb-500027c39941\">Pobierz<\/a><\/div>\n\n\n\n<div class=\"wp-block-file\"><a id=\"wp-block-file--media-89001aef-bc70-45a7-a6b8-fc2b8ede3467\" href=\"http:\/\/zseg.edu.pl\/wp-content\/uploads\/2025\/06\/raport-5.pdf\">raport 5<\/a><a href=\"http:\/\/zseg.edu.pl\/wp-content\/uploads\/2025\/06\/raport-5.pdf\" class=\"wp-block-file__button wp-element-button\" download aria-describedby=\"wp-block-file--media-89001aef-bc70-45a7-a6b8-fc2b8ede3467\">Pobierz<\/a><\/div>\n\n\n\n<div class=\"wp-block-file\"><a id=\"wp-block-file--media-fd2c2ffa-d59f-449b-9b44-01db19686f30\" href=\"http:\/\/zseg.edu.pl\/wp-content\/uploads\/2025\/06\/raport-6.pdf\">raport 6<\/a><a href=\"http:\/\/zseg.edu.pl\/wp-content\/uploads\/2025\/06\/raport-6.pdf\" class=\"wp-block-file__button wp-element-button\" download aria-describedby=\"wp-block-file--media-fd2c2ffa-d59f-449b-9b44-01db19686f30\">Pobierz<\/a><\/div>\n","protected":false},"excerpt":{"rendered":"<p>Zesp\u00f3\u0142 Szk\u00f3\u0142 Ekonomiczno-Gastronomicznych im. St. Staszica w Otwocku zobowi\u0105zuje si\u0119 zapewni\u0107 dost\u0119pno\u015b\u0107 swojej strony internetowej zgodnie z przepisami ustawy z dnia 4 kwietnia 2019 r. o dost\u0119pno\u015bci cyfrowej stron internetowych i aplikacji mobilnych podmiot\u00f3w publicznych. O\u015bwiadczenie w sprawie dost\u0119pno\u015bci ma zastosowanie do strony internetowej:&nbsp;http:\/\/zseg.edu.pl Status pod wzgl\u0119dem zgodno\u015bci z&nbsp;ustaw\u0105 Strona internetowa jest cz\u0119\u015bciowo zgodna z&nbsp;ustaw\u0105 [&hellip;]<\/p>\n","protected":false},"author":1,"featured_media":7087,"parent":0,"menu_order":0,"comment_status":"open","ping_status":"open","template":"","meta":{"footnotes":""},"class_list":["post-41","page","type-page","status-publish","has-post-thumbnail","czr-hentry"],"_links":{"self":[{"href":"http:\/\/zseg.edu.pl\/index.php\/wp-json\/wp\/v2\/pages\/41","targetHints":{"allow":["GET"]}}],"collection":[{"href":"http:\/\/zseg.edu.pl\/index.php\/wp-json\/wp\/v2\/pages"}],"about":[{"href":"http:\/\/zseg.edu.pl\/index.php\/wp-json\/wp\/v2\/types\/page"}],"author":[{"embeddable":true,"href":"http:\/\/zseg.edu.pl\/index.php\/wp-json\/wp\/v2\/users\/1"}],"replies":[{"embeddable":true,"href":"http:\/\/zseg.edu.pl\/index.php\/wp-json\/wp\/v2\/comments?post=41"}],"version-history":[{"count":75,"href":"http:\/\/zseg.edu.pl\/index.php\/wp-json\/wp\/v2\/pages\/41\/revisions"}],"predecessor-version":[{"id":8617,"href":"http:\/\/zseg.edu.pl\/index.php\/wp-json\/wp\/v2\/pages\/41\/revisions\/8617"}],"wp:featuredmedia":[{"embeddable":true,"href":"http:\/\/zseg.edu.pl\/index.php\/wp-json\/wp\/v2\/media\/7087"}],"wp:attachment":[{"href":"http:\/\/zseg.edu.pl\/index.php\/wp-json\/wp\/v2\/media?parent=41"}],"curies":[{"name":"wp","href":"https:\/\/api.w.org\/{rel}","templated":true}]}}