{"id":402,"date":"2021-04-12T12:38:20","date_gmt":"2021-04-12T10:38:20","guid":{"rendered":"http:\/\/zseg.edu.pl\/?page_id=402"},"modified":"2022-08-04T10:47:52","modified_gmt":"2022-08-04T08:47:52","slug":"zajecia-praktyczne","status":"publish","type":"page","link":"http:\/\/zseg.edu.pl\/index.php\/zajecia-praktyczne\/","title":{"rendered":"Zaj\u0119cia praktyczne"},"content":{"rendered":"\n<div class=\"wp-block-media-text alignwide is-stacked-on-mobile\" style=\"grid-template-columns:38% auto\"><figure class=\"wp-block-media-text__media\"><img loading=\"lazy\" decoding=\"async\" width=\"697\" height=\"473\" src=\"http:\/\/zseg.edu.pl\/wp-content\/uploads\/2021\/04\/thumbnail_0197855C-1BBF-4552-AFD3-DE6F77B0BAA3.jpg\" alt=\"\" class=\"wp-image-879 size-full\" srcset=\"http:\/\/zseg.edu.pl\/wp-content\/uploads\/2021\/04\/thumbnail_0197855C-1BBF-4552-AFD3-DE6F77B0BAA3.jpg 697w, http:\/\/zseg.edu.pl\/wp-content\/uploads\/2021\/04\/thumbnail_0197855C-1BBF-4552-AFD3-DE6F77B0BAA3-300x204.jpg 300w\" sizes=\"auto, (max-width: 697px) 100vw, 697px\" \/><\/figure><div class=\"wp-block-media-text__content\">\n<p class=\"has-black-color has-text-color has-normal-font-size\">Uczniowie naszej szko\u0142y poza kszta\u0142ceniem og\u00f3lnym realizuj\u0105 zaj\u0119cia praktyczne, zgodnie z wybranym zawodem. W Szkole Bran\u017cowej Nr 1 w Otwocku &#8211; zaw\u00f3d <strong>kucharz lub kelner<\/strong>. Zaj\u0119cia odbywaj\u0105 si\u0119 w <strong>restauracjach lub hotelach,<\/strong> gdzie do\u015bwiadczeni instruktorzy praktycznej nauki zawodu doskonal\u0105 umiej\u0119tno\u015bci zawodowe uczni\u00f3w. Zak\u0142ady te wyposa\u017cone s\u0105&nbsp;w nowoczesne urz\u0105dzenia, kt\u00f3re bardzo dobrze nadaj\u0105 si\u0119 do nauki zawodu, uczniowie poznaj\u0105 procesy technologiczne produkcji gastronomicznej i nabywaj\u0105 do\u015bwiadczenie przydatne w pracy zawodowej. Podczas pracy w zak\u0142adzie maj\u0105 oni mo\u017cliwo\u015b\u0107 wykorzysta\u0107 teoretyczn\u0105 wiedz\u0119 nabyt\u0105 w szkole.<\/p>\n<\/div><\/div>\n\n\n\n<p><br><\/p>\n","protected":false},"excerpt":{"rendered":"<p>Uczniowie naszej szko\u0142y poza kszta\u0142ceniem og\u00f3lnym realizuj\u0105 zaj\u0119cia praktyczne, zgodnie z wybranym zawodem. W Szkole Bran\u017cowej Nr 1 w Otwocku &#8211; zaw\u00f3d kucharz lub kelner. Zaj\u0119cia odbywaj\u0105 si\u0119 w restauracjach lub hotelach, gdzie do\u015bwiadczeni instruktorzy praktycznej nauki zawodu doskonal\u0105 umiej\u0119tno\u015bci zawodowe uczni\u00f3w. Zak\u0142ady te wyposa\u017cone s\u0105&nbsp;w nowoczesne urz\u0105dzenia, kt\u00f3re bardzo dobrze nadaj\u0105 si\u0119 do nauki [&hellip;]<\/p>\n","protected":false},"author":2,"featured_media":0,"parent":0,"menu_order":0,"comment_status":"closed","ping_status":"closed","template":"","meta":{"footnotes":""},"class_list":["post-402","page","type-page","status-publish","czr-hentry"],"_links":{"self":[{"href":"http:\/\/zseg.edu.pl\/index.php\/wp-json\/wp\/v2\/pages\/402","targetHints":{"allow":["GET"]}}],"collection":[{"href":"http:\/\/zseg.edu.pl\/index.php\/wp-json\/wp\/v2\/pages"}],"about":[{"href":"http:\/\/zseg.edu.pl\/index.php\/wp-json\/wp\/v2\/types\/page"}],"author":[{"embeddable":true,"href":"http:\/\/zseg.edu.pl\/index.php\/wp-json\/wp\/v2\/users\/2"}],"replies":[{"embeddable":true,"href":"http:\/\/zseg.edu.pl\/index.php\/wp-json\/wp\/v2\/comments?post=402"}],"version-history":[{"count":6,"href":"http:\/\/zseg.edu.pl\/index.php\/wp-json\/wp\/v2\/pages\/402\/revisions"}],"predecessor-version":[{"id":2877,"href":"http:\/\/zseg.edu.pl\/index.php\/wp-json\/wp\/v2\/pages\/402\/revisions\/2877"}],"wp:attachment":[{"href":"http:\/\/zseg.edu.pl\/index.php\/wp-json\/wp\/v2\/media?parent=402"}],"curies":[{"name":"wp","href":"https:\/\/api.w.org\/{rel}","templated":true}]}}