{"id":393,"date":"2021-04-12T12:32:55","date_gmt":"2021-04-12T10:32:55","guid":{"rendered":"http:\/\/zseg.edu.pl\/?page_id=393"},"modified":"2026-02-26T09:56:55","modified_gmt":"2026-02-26T08:56:55","slug":"partnerzy","status":"publish","type":"page","link":"http:\/\/zseg.edu.pl\/index.php\/partnerzy\/","title":{"rendered":"Partnerzy"},"content":{"rendered":"\n<p class=\"has-text-align-center has-light-green-cyan-background-color has-background has-medium-font-size\"><strong>POROZUMIENIA PODPISANE&nbsp; PRZEZ ZESP\u00d3\u0141 SZK\u00d3\u0141 EKONOMICZNO-GASTRONOMICZNYCH W OTWOCKU<\/strong><\/p>\n\n\n\n<p class=\"has-text-align-center has-background has-medium-font-size\" style=\"background-color:#c9f8e6\"><strong>Patroni naszych klas<\/strong><\/p>\n\n\n\n<figure class=\"wp-block-gallery has-nested-images columns-default is-cropped wp-block-gallery-1 is-layout-flex wp-block-gallery-is-layout-flex\">\n<figure class=\"wp-block-image size-large\"><a href=\"https:\/\/www.oskroba.pl\/\"><img loading=\"lazy\" decoding=\"async\" width=\"224\" height=\"224\" data-id=\"9966\" src=\"http:\/\/zseg.edu.pl\/wp-content\/uploads\/2026\/02\/images-2.png\" alt=\"\" class=\"wp-image-9966\" srcset=\"http:\/\/zseg.edu.pl\/wp-content\/uploads\/2026\/02\/images-2.png 224w, http:\/\/zseg.edu.pl\/wp-content\/uploads\/2026\/02\/images-2-150x150.png 150w\" sizes=\"auto, (max-width: 224px) 100vw, 224px\" \/><\/a><\/figure>\n\n\n\n<figure class=\"wp-block-image size-large\"><a href=\"https:\/\/z-hotel.com\/?gad_source=1&amp;gad_campaignid=22568035866&amp;gclid=CjwKCAiA-__MBhAKEiwASBmsBJ772Kyy55mTgVy-995duUOdCTdFbSd7rBFzs735KGN81JuO7zDyjBoCW68QAvD_BwE\"><img loading=\"lazy\" decoding=\"async\" width=\"225\" height=\"224\" data-id=\"9967\" src=\"http:\/\/zseg.edu.pl\/wp-content\/uploads\/2026\/02\/z-hotel-1.png\" alt=\"\" class=\"wp-image-9967\" srcset=\"http:\/\/zseg.edu.pl\/wp-content\/uploads\/2026\/02\/z-hotel-1.png 225w, http:\/\/zseg.edu.pl\/wp-content\/uploads\/2026\/02\/z-hotel-1-150x150.png 150w\" sizes=\"auto, (max-width: 225px) 100vw, 225px\" \/><\/a><\/figure>\n<\/figure>\n\n\n\n<p class=\"has-text-align-center has-background has-medium-font-size\" style=\"background-color:#c9f8e6\"><strong>Uczelnie wy\u017csze<\/strong><\/p>\n\n\n\n<div class=\"wp-block-columns is-layout-flex wp-container-core-columns-is-layout-9d6595d7 wp-block-columns-is-layout-flex\">\n<div class=\"wp-block-column is-layout-flow wp-block-column-is-layout-flow\" style=\"flex-basis:100%\">\n<div class=\"wp-block-group\"><div class=\"wp-block-group__inner-container is-layout-flow wp-block-group-is-layout-flow\">\n<div class=\"wp-block-columns is-layout-flex wp-container-core-columns-is-layout-9d6595d7 wp-block-columns-is-layout-flex\">\n<div class=\"wp-block-column is-layout-flow wp-block-column-is-layout-flow\" style=\"flex-basis:100%\">\n<figure class=\"wp-block-gallery aligncenter has-nested-images columns-default wp-block-gallery-2 is-layout-flex wp-block-gallery-is-layout-flex\">\n<figure class=\"wp-block-image size-large\"><a href=\"https:\/\/www.wojsko-polskie.pl\/aszwoj\/\"><img loading=\"lazy\" decoding=\"async\" width=\"1024\" height=\"432\" data-id=\"7016\" src=\"http:\/\/zseg.edu.pl\/wp-content\/uploads\/2024\/11\/1920x810-1024x432.jpg\" alt=\"\" class=\"wp-image-7016\" srcset=\"http:\/\/zseg.edu.pl\/wp-content\/uploads\/2024\/11\/1920x810-1024x432.jpg 1024w, http:\/\/zseg.edu.pl\/wp-content\/uploads\/2024\/11\/1920x810-300x127.jpg 300w, http:\/\/zseg.edu.pl\/wp-content\/uploads\/2024\/11\/1920x810-768x324.jpg 768w, http:\/\/zseg.edu.pl\/wp-content\/uploads\/2024\/11\/1920x810-1536x648.jpg 1536w, http:\/\/zseg.edu.pl\/wp-content\/uploads\/2024\/11\/1920x810.jpg 1920w\" sizes=\"auto, (max-width: 1024px) 100vw, 1024px\" \/><\/a><\/figure>\n\n\n\n<figure class=\"wp-block-image size-large\"><a href=\"https:\/\/www.uth.edu.pl\/pl\"><img loading=\"lazy\" decoding=\"async\" width=\"425\" height=\"119\" data-id=\"7015\" src=\"http:\/\/zseg.edu.pl\/wp-content\/uploads\/2024\/11\/images.png\" alt=\"\" class=\"wp-image-7015\" srcset=\"http:\/\/zseg.edu.pl\/wp-content\/uploads\/2024\/11\/images.png 425w, http:\/\/zseg.edu.pl\/wp-content\/uploads\/2024\/11\/images-300x84.png 300w\" sizes=\"auto, (max-width: 425px) 100vw, 425px\" \/><\/a><\/figure>\n<\/figure>\n<\/div>\n<\/div>\n<\/div><\/div>\n<\/div>\n<\/div>\n\n\n\n<p class=\"has-text-align-center has-background has-medium-font-size\" style=\"background-color:#c9f8e6\"><strong>Inne<\/strong><\/p>\n\n\n\n<figure class=\"wp-block-gallery has-nested-images columns-4 wp-block-gallery-3 is-layout-flex wp-block-gallery-is-layout-flex\">\n<figure class=\"wp-block-image size-large\"><a href=\"https:\/\/otwock.policja.gov.pl\/\"><img loading=\"lazy\" decoding=\"async\" width=\"226\" height=\"223\" data-id=\"1015\" src=\"http:\/\/zseg.edu.pl\/wp-content\/uploads\/2021\/04\/images.png\" alt=\"\" class=\"wp-image-1015\"\/><\/a><\/figure>\n\n\n\n<figure class=\"wp-block-image size-large\"><a href=\"https:\/\/www.wojsko-polskie.pl\/bochr\/\"><img loading=\"lazy\" decoding=\"async\" width=\"1024\" height=\"1024\" data-id=\"1018\" src=\"http:\/\/zseg.edu.pl\/wp-content\/uploads\/2021\/04\/ORZE._1200px__kopia-1024x1024.jpg\" alt=\"\" class=\"wp-image-1018\" srcset=\"http:\/\/zseg.edu.pl\/wp-content\/uploads\/2021\/04\/ORZE._1200px__kopia-1024x1024.jpg 1024w, http:\/\/zseg.edu.pl\/wp-content\/uploads\/2021\/04\/ORZE._1200px__kopia-300x300.jpg 300w, http:\/\/zseg.edu.pl\/wp-content\/uploads\/2021\/04\/ORZE._1200px__kopia-150x150.jpg 150w, http:\/\/zseg.edu.pl\/wp-content\/uploads\/2021\/04\/ORZE._1200px__kopia-768x768.jpg 768w, http:\/\/zseg.edu.pl\/wp-content\/uploads\/2021\/04\/ORZE._1200px__kopia-510x510.jpg 510w, http:\/\/zseg.edu.pl\/wp-content\/uploads\/2021\/04\/ORZE._1200px__kopia.jpg 1200w\" sizes=\"auto, (max-width: 1024px) 100vw, 1024px\" \/><\/a><\/figure>\n\n\n\n<figure class=\"wp-block-image size-large\"><a href=\"https:\/\/cslii.wp.mil.pl\/\"><img loading=\"lazy\" decoding=\"async\" width=\"1024\" height=\"1024\" data-id=\"1019\" src=\"http:\/\/zseg.edu.pl\/wp-content\/uploads\/2021\/04\/oznaka_cslii-1024x1024.png\" alt=\"\" class=\"wp-image-1019\" srcset=\"http:\/\/zseg.edu.pl\/wp-content\/uploads\/2021\/04\/oznaka_cslii-1024x1024.png 1024w, http:\/\/zseg.edu.pl\/wp-content\/uploads\/2021\/04\/oznaka_cslii-300x300.png 300w, http:\/\/zseg.edu.pl\/wp-content\/uploads\/2021\/04\/oznaka_cslii-150x150.png 150w, http:\/\/zseg.edu.pl\/wp-content\/uploads\/2021\/04\/oznaka_cslii-768x768.png 768w, http:\/\/zseg.edu.pl\/wp-content\/uploads\/2021\/04\/oznaka_cslii-1536x1536.png 1536w, http:\/\/zseg.edu.pl\/wp-content\/uploads\/2021\/04\/oznaka_cslii-2048x2048.png 2048w, http:\/\/zseg.edu.pl\/wp-content\/uploads\/2021\/04\/oznaka_cslii-510x510.png 510w\" sizes=\"auto, (max-width: 1024px) 100vw, 1024px\" \/><\/a><\/figure>\n<\/figure>\n\n\n\n<figure class=\"wp-block-gallery has-nested-images columns-default wp-block-gallery-4 is-layout-flex wp-block-gallery-is-layout-flex\">\n<figure class=\"wp-block-image size-full\"><a href=\"https:\/\/wcrgarwolin.wp.mil.pl\/\"><img loading=\"lazy\" decoding=\"async\" width=\"215\" height=\"205\" data-id=\"7035\" src=\"http:\/\/zseg.edu.pl\/wp-content\/uploads\/2024\/11\/Logo_WCR_q8pgP0T.max-215x215-1.png\" alt=\"\" class=\"wp-image-7035\"\/><\/a><\/figure>\n\n\n\n<figure class=\"wp-block-image size-medium\"><a href=\"https:\/\/zgwopr.eu\/\"><img loading=\"lazy\" decoding=\"async\" width=\"300\" height=\"300\" data-id=\"7037\" src=\"http:\/\/zseg.edu.pl\/wp-content\/uploads\/2024\/11\/logowopr-300x300.png\" alt=\"\" class=\"wp-image-7037\" srcset=\"http:\/\/zseg.edu.pl\/wp-content\/uploads\/2024\/11\/logowopr-300x300.png 300w, http:\/\/zseg.edu.pl\/wp-content\/uploads\/2024\/11\/logowopr-1024x1024.png 1024w, http:\/\/zseg.edu.pl\/wp-content\/uploads\/2024\/11\/logowopr-150x150.png 150w, http:\/\/zseg.edu.pl\/wp-content\/uploads\/2024\/11\/logowopr-768x768.png 768w, http:\/\/zseg.edu.pl\/wp-content\/uploads\/2024\/11\/logowopr-1536x1536.png 1536w, http:\/\/zseg.edu.pl\/wp-content\/uploads\/2024\/11\/logowopr-2048x2048.png 2048w, http:\/\/zseg.edu.pl\/wp-content\/uploads\/2024\/11\/logowopr-510x510.png 510w\" sizes=\"auto, (max-width: 300px) 100vw, 300px\" \/><\/a><\/figure>\n\n\n\n<figure class=\"wp-block-image size-medium\"><a href=\"https:\/\/www.wojsko-polskie.pl\/kgzw\/\"><img loading=\"lazy\" decoding=\"async\" width=\"272\" height=\"300\" data-id=\"1047\" src=\"http:\/\/zseg.edu.pl\/wp-content\/uploads\/2021\/04\/1200px-Zandarmeria_wojskowa-symbol.svg_-1-272x300.png\" alt=\"\" class=\"wp-image-1047\" srcset=\"http:\/\/zseg.edu.pl\/wp-content\/uploads\/2021\/04\/1200px-Zandarmeria_wojskowa-symbol.svg_-1-272x300.png 272w, http:\/\/zseg.edu.pl\/wp-content\/uploads\/2021\/04\/1200px-Zandarmeria_wojskowa-symbol.svg_-1-929x1024.png 929w, http:\/\/zseg.edu.pl\/wp-content\/uploads\/2021\/04\/1200px-Zandarmeria_wojskowa-symbol.svg_-1-768x847.png 768w, http:\/\/zseg.edu.pl\/wp-content\/uploads\/2021\/04\/1200px-Zandarmeria_wojskowa-symbol.svg_-1.png 1200w\" sizes=\"auto, (max-width: 272px) 100vw, 272px\" \/><\/a><\/figure>\n<\/figure>\n","protected":false},"excerpt":{"rendered":"<p>POROZUMIENIA PODPISANE&nbsp; PRZEZ ZESP\u00d3\u0141 SZK\u00d3\u0141 EKONOMICZNO-GASTRONOMICZNYCH W OTWOCKU Patroni naszych klas Uczelnie wy\u017csze Inne<\/p>\n","protected":false},"author":2,"featured_media":0,"parent":0,"menu_order":0,"comment_status":"closed","ping_status":"closed","template":"","meta":{"footnotes":""},"class_list":["post-393","page","type-page","status-publish","czr-hentry"],"_links":{"self":[{"href":"http:\/\/zseg.edu.pl\/index.php\/wp-json\/wp\/v2\/pages\/393","targetHints":{"allow":["GET"]}}],"collection":[{"href":"http:\/\/zseg.edu.pl\/index.php\/wp-json\/wp\/v2\/pages"}],"about":[{"href":"http:\/\/zseg.edu.pl\/index.php\/wp-json\/wp\/v2\/types\/page"}],"author":[{"embeddable":true,"href":"http:\/\/zseg.edu.pl\/index.php\/wp-json\/wp\/v2\/users\/2"}],"replies":[{"embeddable":true,"href":"http:\/\/zseg.edu.pl\/index.php\/wp-json\/wp\/v2\/comments?post=393"}],"version-history":[{"count":39,"href":"http:\/\/zseg.edu.pl\/index.php\/wp-json\/wp\/v2\/pages\/393\/revisions"}],"predecessor-version":[{"id":9970,"href":"http:\/\/zseg.edu.pl\/index.php\/wp-json\/wp\/v2\/pages\/393\/revisions\/9970"}],"wp:attachment":[{"href":"http:\/\/zseg.edu.pl\/index.php\/wp-json\/wp\/v2\/media?parent=393"}],"curies":[{"name":"wp","href":"https:\/\/api.w.org\/{rel}","templated":true}]}}