{"id":39,"date":"2021-03-25T20:51:11","date_gmt":"2021-03-25T19:51:11","guid":{"rendered":"http:\/\/zseg.edu.pl\/?p=39"},"modified":"2021-12-08T10:06:38","modified_gmt":"2021-12-08T09:06:38","slug":"projekty-ue","status":"publish","type":"page","link":"http:\/\/zseg.edu.pl\/index.php\/projekty-ue\/","title":{"rendered":"Projekty UE"},"content":{"rendered":"\n<div class=\"wp-block-image\"><figure class=\"aligncenter size-full is-resized\"><img loading=\"lazy\" decoding=\"async\" src=\"http:\/\/zseg.edu.pl\/wp-content\/uploads\/2021\/12\/PROJEKTY-UNIJNE-web-1.jpg\" alt=\"\" class=\"wp-image-1697\" width=\"569\" height=\"203\" srcset=\"http:\/\/zseg.edu.pl\/wp-content\/uploads\/2021\/12\/PROJEKTY-UNIJNE-web-1.jpg 852w, http:\/\/zseg.edu.pl\/wp-content\/uploads\/2021\/12\/PROJEKTY-UNIJNE-web-1-300x107.jpg 300w, http:\/\/zseg.edu.pl\/wp-content\/uploads\/2021\/12\/PROJEKTY-UNIJNE-web-1-768x274.jpg 768w\" sizes=\"auto, (max-width: 569px) 100vw, 569px\" \/><figcaption>Nasza szko\u0142a <strong>od 2008 roku<\/strong> realizuje r\u00f3\u017cne projekty finansowane z Funduszy Europejskich. S\u0105 one adresowane dla szk\u00f3\u0142, czyli uczni\u00f3w i nauczycieli. Projekty dydaktyczne i wychowawcze maj\u0105 wspiera\u0107 tak\u017ce rozwijanie tzw. kompetencji kluczowych. S\u0105 to umiej\u0119tno\u015bci matematyczno \u2013 przyrodnicze, informatyczne i w zakresie j\u0119zyk\u00f3w obcych. Udzia\u0142 w projektach uczni\u00f3w pomaga im w budzeniu w nich innowacyjno\u015bci, przedsi\u0119biorczo\u015bci czy umiej\u0119tno\u015bci pracy zespo\u0142owej.<strong> <\/strong><br><strong>Szko\u0142a w ramach projekt\u00f3w oferuje uczniom: dodatkowe zaj\u0119cia wyr\u00f3wnawcze, lekcje rozwijaj\u0105ce zdolno\u015bci uczni\u00f3w, czy warsztaty.<\/strong><br><br>Jako szko\u0142a zawodowa za udzia\u0142 w projekcie umo\u017cliwia sfinansowanie warsztat\u00f3w z\u00a0 doradztwa zawodowego, organizacj\u0119 p\u0142atnych sta\u017cy czy praktyk dla uczni\u00f3w przy wsp\u00f3\u0142pracy z przysz\u0142ymi pracodawcami.\u00a0 Fundusze unijne wspieraj\u0105 np. udzia\u0142 uczni\u00f3w w kursach kwalifikacyjnych poza szko\u0142\u0105 czy egzaminach zawodowych.<br><br><strong>Projekty UE pozwalaj\u0105 na dofinansowanie zakupu wyposa\u017cenia pracowni zawodowych: <\/strong>gastronomicznych czy ekonomicznych. Jest ono niezb\u0119dne, \u017ceby uczniowie mogli praktykowa\u0107 i poprawia\u0107 swoje umiej\u0119tno\u015bci. Umo\u017cliwiaj\u0105 zakup takich sprz\u0119t\u00f3w i materia\u0142\u00f3w dydaktycznych, kt\u00f3re zbli\u017c\u0105 warsztat w szkole do naturalnych warunk\u00f3w pracy.<br><br>Uzdolnieni uczniowie szk\u00f3\u0142 zawodowych mog\u0105 liczy\u0107 na <strong>stypendia finansowane ze \u015brodk\u00f3w unijnych.<\/strong> Nauczyciele, kt\u00f3rzy ucz\u0105 zawod\u00f3w, mog\u0105 natomiast korzysta\u0107 z r\u00f3\u017cnych dofinansowanych form podnoszenia swoich kwalifikacji. Projekty adresowane do nauczycieli umo\u017cliwiaj\u0105 dofinansowanie szkole\u0144, kurs\u00f3w, studi\u00f3w podyplomowych czy materia\u0142\u00f3w do samokszta\u0142cenia.<\/figcaption><\/figure><\/div>\n","protected":false},"excerpt":{"rendered":"","protected":false},"author":1,"featured_media":0,"parent":0,"menu_order":0,"comment_status":"open","ping_status":"open","template":"","meta":{"footnotes":""},"class_list":["post-39","page","type-page","status-publish","czr-hentry"],"_links":{"self":[{"href":"http:\/\/zseg.edu.pl\/index.php\/wp-json\/wp\/v2\/pages\/39","targetHints":{"allow":["GET"]}}],"collection":[{"href":"http:\/\/zseg.edu.pl\/index.php\/wp-json\/wp\/v2\/pages"}],"about":[{"href":"http:\/\/zseg.edu.pl\/index.php\/wp-json\/wp\/v2\/types\/page"}],"author":[{"embeddable":true,"href":"http:\/\/zseg.edu.pl\/index.php\/wp-json\/wp\/v2\/users\/1"}],"replies":[{"embeddable":true,"href":"http:\/\/zseg.edu.pl\/index.php\/wp-json\/wp\/v2\/comments?post=39"}],"version-history":[{"count":4,"href":"http:\/\/zseg.edu.pl\/index.php\/wp-json\/wp\/v2\/pages\/39\/revisions"}],"predecessor-version":[{"id":1701,"href":"http:\/\/zseg.edu.pl\/index.php\/wp-json\/wp\/v2\/pages\/39\/revisions\/1701"}],"wp:attachment":[{"href":"http:\/\/zseg.edu.pl\/index.php\/wp-json\/wp\/v2\/media?parent=39"}],"curies":[{"name":"wp","href":"https:\/\/api.w.org\/{rel}","templated":true}]}}