{"id":382,"date":"2021-04-12T12:30:01","date_gmt":"2021-04-12T10:30:01","guid":{"rendered":"http:\/\/zseg.edu.pl\/?page_id=382"},"modified":"2025-09-02T11:50:52","modified_gmt":"2025-09-02T09:50:52","slug":"ubezpieczenie","status":"publish","type":"page","link":"http:\/\/zseg.edu.pl\/index.php\/ubezpieczenie\/","title":{"rendered":"Ubezpieczenie w firmie InterRisk na rok szkolny 2025\/2026"},"content":{"rendered":"\n<div class=\"wp-block-file\"><a id=\"wp-block-file--media-08d10f72-d420-405c-8839-51a12b14848e\" href=\"http:\/\/zseg.edu.pl\/wp-content\/uploads\/2025\/09\/EDU-ZSEG-2025-OFERTA.pdf\">EDU ZSEG 2025 OFERTA<\/a><a href=\"http:\/\/zseg.edu.pl\/wp-content\/uploads\/2025\/09\/EDU-ZSEG-2025-OFERTA.pdf\" class=\"wp-block-file__button wp-element-button\" download aria-describedby=\"wp-block-file--media-08d10f72-d420-405c-8839-51a12b14848e\">Pobierz<\/a><\/div>\n\n\n\n<div class=\"wp-block-file\"><a id=\"wp-block-file--media-a0f5ecae-7231-4e5f-a0d0-fd82d31aff48\" href=\"http:\/\/zseg.edu.pl\/wp-content\/uploads\/2025\/09\/OWU-EDU-PLUS-obowiazujace-od-26.03.2025r.pdf\">OWU EDU PLUS og\u00f3lne warunki.<\/a><a href=\"http:\/\/zseg.edu.pl\/wp-content\/uploads\/2025\/09\/OWU-EDU-PLUS-obowiazujace-od-26.03.2025r.pdf\" class=\"wp-block-file__button wp-element-button\" download aria-describedby=\"wp-block-file--media-a0f5ecae-7231-4e5f-a0d0-fd82d31aff48\">Pobierz<\/a><\/div>\n\n\n\n<div class=\"wp-block-file\"><a id=\"wp-block-file--media-0507b03d-8c16-45e7-a46a-0e2da4d934c3\" href=\"http:\/\/zseg.edu.pl\/wp-content\/uploads\/2022\/09\/RODO-EDU-PLUS.pdf\">RODO <\/a><a href=\"http:\/\/zseg.edu.pl\/wp-content\/uploads\/2022\/09\/RODO-EDU-PLUS.pdf\" class=\"wp-block-file__button wp-element-button\" download aria-describedby=\"wp-block-file--media-0507b03d-8c16-45e7-a46a-0e2da4d934c3\">Pobierz<\/a><\/div>\n\n\n\n<p><\/p>\n\n\n\n<p><\/p>\n\n\n\n<p><strong>Zg\u0142aszanie szkody: &nbsp;&nbsp;<\/strong>&nbsp;&nbsp;&nbsp;<\/p>\n\n\n\n<ul class=\"wp-block-list\">\n<li>telefonicznie:&nbsp;22&nbsp;575 25 25&nbsp; &nbsp;Polisa EDU-A\/P numer \u2026\u2026\u2026\u2026<\/li>\n<\/ul>\n\n\n\n<ul class=\"wp-block-list\">\n<li>lub:&nbsp;<a href=\"http:\/\/www.interrisk.pl\">www.interrisk.pl<\/a>&nbsp;&nbsp; ( kafelek: zg\u0142o\u015b szkod\u0119 )<\/li>\n<\/ul>\n\n\n\n<ul class=\"wp-block-list\">\n<li>lub: korespondencyjnie&nbsp;&nbsp;&nbsp;InterRisk T U S.A., Przegroda Pocztowa 3334, 40-610 Katowice<\/li>\n<\/ul>\n\n\n\n<p>&nbsp;&nbsp;&nbsp;&nbsp;&nbsp;&nbsp;&nbsp;&nbsp;&nbsp;&nbsp;&nbsp;&nbsp;&nbsp;&nbsp;&nbsp;&nbsp;&nbsp;&nbsp;&nbsp;&nbsp;&nbsp;&nbsp;&nbsp;&nbsp;&nbsp;&nbsp;&nbsp;&nbsp;&nbsp;&nbsp;&nbsp;&nbsp;&nbsp;&nbsp;&nbsp;&nbsp;&nbsp;&nbsp;&nbsp;&nbsp;&nbsp;&nbsp;&nbsp;&nbsp;&nbsp;&nbsp;&nbsp;&nbsp;&nbsp;&nbsp;&nbsp;&nbsp; <\/p>\n","protected":false},"excerpt":{"rendered":"<p>Zg\u0142aszanie szkody: &nbsp;&nbsp;&nbsp;&nbsp;&nbsp; &nbsp;&nbsp;&nbsp;&nbsp;&nbsp;&nbsp;&nbsp;&nbsp;&nbsp;&nbsp;&nbsp;&nbsp;&nbsp;&nbsp;&nbsp;&nbsp;&nbsp;&nbsp;&nbsp;&nbsp;&nbsp;&nbsp;&nbsp;&nbsp;&nbsp;&nbsp;&nbsp;&nbsp;&nbsp;&nbsp;&nbsp;&nbsp;&nbsp;&nbsp;&nbsp;&nbsp;&nbsp;&nbsp;&nbsp;&nbsp;&nbsp;&nbsp;&nbsp;&nbsp;&nbsp;&nbsp;&nbsp;&nbsp;&nbsp;&nbsp;&nbsp;&nbsp;<\/p>\n","protected":false},"author":2,"featured_media":7124,"parent":0,"menu_order":0,"comment_status":"closed","ping_status":"closed","template":"","meta":{"footnotes":""},"class_list":["post-382","page","type-page","status-publish","has-post-thumbnail","czr-hentry"],"_links":{"self":[{"href":"http:\/\/zseg.edu.pl\/index.php\/wp-json\/wp\/v2\/pages\/382","targetHints":{"allow":["GET"]}}],"collection":[{"href":"http:\/\/zseg.edu.pl\/index.php\/wp-json\/wp\/v2\/pages"}],"about":[{"href":"http:\/\/zseg.edu.pl\/index.php\/wp-json\/wp\/v2\/types\/page"}],"author":[{"embeddable":true,"href":"http:\/\/zseg.edu.pl\/index.php\/wp-json\/wp\/v2\/users\/2"}],"replies":[{"embeddable":true,"href":"http:\/\/zseg.edu.pl\/index.php\/wp-json\/wp\/v2\/comments?post=382"}],"version-history":[{"count":33,"href":"http:\/\/zseg.edu.pl\/index.php\/wp-json\/wp\/v2\/pages\/382\/revisions"}],"predecessor-version":[{"id":8898,"href":"http:\/\/zseg.edu.pl\/index.php\/wp-json\/wp\/v2\/pages\/382\/revisions\/8898"}],"wp:featuredmedia":[{"embeddable":true,"href":"http:\/\/zseg.edu.pl\/index.php\/wp-json\/wp\/v2\/media\/7124"}],"wp:attachment":[{"href":"http:\/\/zseg.edu.pl\/index.php\/wp-json\/wp\/v2\/media?parent=382"}],"curies":[{"name":"wp","href":"https:\/\/api.w.org\/{rel}","templated":true}]}}