{"id":2236,"date":"2022-03-30T11:22:24","date_gmt":"2022-03-30T09:22:24","guid":{"rendered":"http:\/\/zseg.edu.pl\/?page_id=2236"},"modified":"2022-03-30T11:24:40","modified_gmt":"2022-03-30T09:24:40","slug":"jakosc-pracy-w-nowoczesnej-turystyce","status":"publish","type":"page","link":"http:\/\/zseg.edu.pl\/index.php\/jakosc-pracy-w-nowoczesnej-turystyce\/","title":{"rendered":"Jako\u015b\u0107 pracy w nowoczesnej turystyce"},"content":{"rendered":"\n<p>\u00a0 \u00a0 \u00a0 \u00a0 Celem projektu by\u0142o wsparcie sta\u017cyst\u00f3w &#8211; uczni\u00f3w naszej szko\u0142y &#8211; w podniesieniu kwalifikacji zawodowych tak, \u00a0by mogli wykorzysta\u0107 je w polskich realiach oraz poznanie j\u0119zyka obcego, kultury, tradycji i metod organizacji pracy we W\u0142oszech.\u00a0<br>\u00a0 \u00a0 \u00a0W projekcie wzi\u0119li udzia\u0142 uczniowie technikum: technik ekonomista, kelner, technik organizacji us\u0142ug gastronomicznych i technik hotelarstwa \u2013 razem 75 uczni\u00f3w ZSEG w Otwocku. Wyjazdy na 3-tygodniowe sta\u017ce rozpocz\u0119\u0142y si\u0119 w lipcu 2012, kolejne grupy b\u0119d\u0105 wyjecha\u0142y w sierpniu, wrze\u015bniu i pa\u017adzierniku 2012.<\/p>\n\n\n\n<p>\u00a0 \u00a0 Ka\u017cdy z uczestnik\u00f3w zakwalifikowanych do udzia\u0142u w projekcie wzi\u0105\u0142 udzia\u0142 w kursie j\u0119zyka w\u0142oskiego i j\u0119zyka angielskiego zawodowego, przygotowania kulturowego i pedagogicznego. W ramach realizacji projektu zapewniono pokrycie koszt\u00f3w i organizacj\u0119 przejazdu na miejsce sta\u017cu, pobyt w hostelu Villa Redenta w Spoleto, wy\u017cywienie, ubezpieczenie, kieszonkowe oraz organizacj\u0119 miejsca sta\u017cu wraz z opiek\u0105 polskoj\u0119zycznego mentora i opiek\u0105 nauczyciela ze szko\u0142y.<br>\u00a0 \u00a0 Po zako\u0144czeniu sta\u017cu ka\u017cdy z uczestnik\u00f3w otrzyma\u0142 unijny certyfikat Europass Mobilno\u015b\u0107 w j\u0119zyku polskim i angielskim potwierdzaj\u0105cy nabyte kwalifikacje zawodowe oraz certyfikat uko\u0144czenia kursu j\u0119zyka obcego zawodowego.<br>\u00a0 \u00a0Ca\u0142o\u015b\u0107 koszt\u00f3w na realizacj\u0119 projektu pochodzi ze \u015brodk\u00f3w programu Leonardo da Vinci b\u0119d\u0105cego cz\u0119\u015bci\u0105 programu \u201eUczenie si\u0119 przez ca\u0142e \u017cycie\u201d.<\/p>\n\n\n\n<div class=\"wp-block-file\"><a id=\"wp-block-file--media-65d6bf06-6bfe-4332-9f8d-efc243567471\" href=\"http:\/\/zseg.edu.pl\/wp-content\/uploads\/2022\/03\/spoleto_prezentacja.pptx\">spoleto prezentacja 1<\/a><a href=\"http:\/\/zseg.edu.pl\/wp-content\/uploads\/2022\/03\/spoleto_prezentacja.pptx\" class=\"wp-block-file__button\" download aria-describedby=\"wp-block-file--media-65d6bf06-6bfe-4332-9f8d-efc243567471\">Pobierz<\/a><\/div>\n\n\n\n<div class=\"wp-block-file\"><a id=\"wp-block-file--media-2af3c0bb-67d8-438c-a621-d0f0eb07b415\" href=\"http:\/\/zseg.edu.pl\/wp-content\/uploads\/2022\/03\/spoleto1.ppt2_.ppt3_.pptx\">spoleto prezentacja 2<\/a><a href=\"http:\/\/zseg.edu.pl\/wp-content\/uploads\/2022\/03\/spoleto1.ppt2_.ppt3_.pptx\" class=\"wp-block-file__button\" download aria-describedby=\"wp-block-file--media-2af3c0bb-67d8-438c-a621-d0f0eb07b415\">Pobierz<\/a><\/div>\n\n\n\n<figure class=\"wp-block-gallery has-nested-images columns-default is-cropped wp-block-gallery-1 is-layout-flex wp-block-gallery-is-layout-flex\">\n<figure class=\"wp-block-image size-large\"><img loading=\"lazy\" decoding=\"async\" width=\"800\" height=\"536\" data-id=\"2239\" src=\"http:\/\/zseg.edu.pl\/wp-content\/uploads\/2022\/03\/800_600_003f6309bcf3ce0a2d54ef1d2e163b7d.jpg\" alt=\"\" class=\"wp-image-2239\" srcset=\"http:\/\/zseg.edu.pl\/wp-content\/uploads\/2022\/03\/800_600_003f6309bcf3ce0a2d54ef1d2e163b7d.jpg 800w, http:\/\/zseg.edu.pl\/wp-content\/uploads\/2022\/03\/800_600_003f6309bcf3ce0a2d54ef1d2e163b7d-300x201.jpg 300w, http:\/\/zseg.edu.pl\/wp-content\/uploads\/2022\/03\/800_600_003f6309bcf3ce0a2d54ef1d2e163b7d-768x515.jpg 768w\" sizes=\"auto, (max-width: 800px) 100vw, 800px\" \/><\/figure>\n\n\n\n<figure class=\"wp-block-image size-large\"><img loading=\"lazy\" decoding=\"async\" width=\"600\" height=\"450\" data-id=\"2240\" src=\"http:\/\/zseg.edu.pl\/wp-content\/uploads\/2022\/03\/800_600_3dcba8dbec82065c569cebf526eb848d.jpg\" alt=\"\" class=\"wp-image-2240\" srcset=\"http:\/\/zseg.edu.pl\/wp-content\/uploads\/2022\/03\/800_600_3dcba8dbec82065c569cebf526eb848d.jpg 600w, http:\/\/zseg.edu.pl\/wp-content\/uploads\/2022\/03\/800_600_3dcba8dbec82065c569cebf526eb848d-300x225.jpg 300w\" sizes=\"auto, (max-width: 600px) 100vw, 600px\" \/><\/figure>\n\n\n\n<figure class=\"wp-block-image size-large\"><img loading=\"lazy\" decoding=\"async\" width=\"800\" height=\"536\" data-id=\"2241\" src=\"http:\/\/zseg.edu.pl\/wp-content\/uploads\/2022\/03\/800_600_05e19f9a7821a17bf0069ac7962f9bf8.jpg\" alt=\"\" class=\"wp-image-2241\" srcset=\"http:\/\/zseg.edu.pl\/wp-content\/uploads\/2022\/03\/800_600_05e19f9a7821a17bf0069ac7962f9bf8.jpg 800w, http:\/\/zseg.edu.pl\/wp-content\/uploads\/2022\/03\/800_600_05e19f9a7821a17bf0069ac7962f9bf8-300x201.jpg 300w, http:\/\/zseg.edu.pl\/wp-content\/uploads\/2022\/03\/800_600_05e19f9a7821a17bf0069ac7962f9bf8-768x515.jpg 768w\" sizes=\"auto, (max-width: 800px) 100vw, 800px\" \/><\/figure>\n\n\n\n<figure class=\"wp-block-image size-large\"><img loading=\"lazy\" decoding=\"async\" width=\"800\" height=\"535\" data-id=\"2242\" src=\"http:\/\/zseg.edu.pl\/wp-content\/uploads\/2022\/03\/800_600_5db53861a42e3f4dea49e9118d465d53.jpg\" alt=\"\" class=\"wp-image-2242\" srcset=\"http:\/\/zseg.edu.pl\/wp-content\/uploads\/2022\/03\/800_600_5db53861a42e3f4dea49e9118d465d53.jpg 800w, http:\/\/zseg.edu.pl\/wp-content\/uploads\/2022\/03\/800_600_5db53861a42e3f4dea49e9118d465d53-300x201.jpg 300w, http:\/\/zseg.edu.pl\/wp-content\/uploads\/2022\/03\/800_600_5db53861a42e3f4dea49e9118d465d53-768x514.jpg 768w\" sizes=\"auto, (max-width: 800px) 100vw, 800px\" \/><\/figure>\n\n\n\n<figure class=\"wp-block-image size-large\"><img loading=\"lazy\" decoding=\"async\" width=\"600\" height=\"450\" data-id=\"2244\" src=\"http:\/\/zseg.edu.pl\/wp-content\/uploads\/2022\/03\/800_600_5e3e8407eb880f659952548bd259bf02.jpg\" alt=\"\" class=\"wp-image-2244\" srcset=\"http:\/\/zseg.edu.pl\/wp-content\/uploads\/2022\/03\/800_600_5e3e8407eb880f659952548bd259bf02.jpg 600w, http:\/\/zseg.edu.pl\/wp-content\/uploads\/2022\/03\/800_600_5e3e8407eb880f659952548bd259bf02-300x225.jpg 300w\" sizes=\"auto, (max-width: 600px) 100vw, 600px\" \/><\/figure>\n\n\n\n<figure class=\"wp-block-image size-large\"><img loading=\"lazy\" decoding=\"async\" width=\"600\" height=\"450\" data-id=\"2243\" src=\"http:\/\/zseg.edu.pl\/wp-content\/uploads\/2022\/03\/800_600_22d2ce2c25bff7fb063982b27fc5aaba-\u2014-kopia.jpg\" alt=\"\" class=\"wp-image-2243\" srcset=\"http:\/\/zseg.edu.pl\/wp-content\/uploads\/2022\/03\/800_600_22d2ce2c25bff7fb063982b27fc5aaba-\u2014-kopia.jpg 600w, http:\/\/zseg.edu.pl\/wp-content\/uploads\/2022\/03\/800_600_22d2ce2c25bff7fb063982b27fc5aaba-\u2014-kopia-300x225.jpg 300w\" sizes=\"auto, (max-width: 600px) 100vw, 600px\" \/><\/figure>\n\n\n\n<figure class=\"wp-block-image size-large\"><img loading=\"lazy\" decoding=\"async\" width=\"600\" height=\"450\" data-id=\"2245\" src=\"http:\/\/zseg.edu.pl\/wp-content\/uploads\/2022\/03\/800_600_22d2ce2c25bff7fb063982b27fc5aaba.jpg\" alt=\"\" class=\"wp-image-2245\" srcset=\"http:\/\/zseg.edu.pl\/wp-content\/uploads\/2022\/03\/800_600_22d2ce2c25bff7fb063982b27fc5aaba.jpg 600w, http:\/\/zseg.edu.pl\/wp-content\/uploads\/2022\/03\/800_600_22d2ce2c25bff7fb063982b27fc5aaba-300x225.jpg 300w\" sizes=\"auto, (max-width: 600px) 100vw, 600px\" \/><\/figure>\n\n\n\n<figure class=\"wp-block-image size-large\"><img loading=\"lazy\" decoding=\"async\" width=\"800\" height=\"536\" data-id=\"2246\" src=\"http:\/\/zseg.edu.pl\/wp-content\/uploads\/2022\/03\/800_600_23e04cdf24671e5968575e66842bed12.jpg\" alt=\"\" class=\"wp-image-2246\" srcset=\"http:\/\/zseg.edu.pl\/wp-content\/uploads\/2022\/03\/800_600_23e04cdf24671e5968575e66842bed12.jpg 800w, http:\/\/zseg.edu.pl\/wp-content\/uploads\/2022\/03\/800_600_23e04cdf24671e5968575e66842bed12-300x201.jpg 300w, http:\/\/zseg.edu.pl\/wp-content\/uploads\/2022\/03\/800_600_23e04cdf24671e5968575e66842bed12-768x515.jpg 768w\" sizes=\"auto, (max-width: 800px) 100vw, 800px\" \/><\/figure>\n\n\n\n<figure class=\"wp-block-image size-large\"><img loading=\"lazy\" decoding=\"async\" width=\"800\" height=\"579\" data-id=\"2247\" src=\"http:\/\/zseg.edu.pl\/wp-content\/uploads\/2022\/03\/800_600_24c2bf242dc142565d36a4ea040a6154.jpg\" alt=\"\" class=\"wp-image-2247\" srcset=\"http:\/\/zseg.edu.pl\/wp-content\/uploads\/2022\/03\/800_600_24c2bf242dc142565d36a4ea040a6154.jpg 800w, http:\/\/zseg.edu.pl\/wp-content\/uploads\/2022\/03\/800_600_24c2bf242dc142565d36a4ea040a6154-300x217.jpg 300w, http:\/\/zseg.edu.pl\/wp-content\/uploads\/2022\/03\/800_600_24c2bf242dc142565d36a4ea040a6154-768x556.jpg 768w\" sizes=\"auto, (max-width: 800px) 100vw, 800px\" \/><\/figure>\n\n\n\n<figure class=\"wp-block-image size-large\"><img loading=\"lazy\" decoding=\"async\" width=\"600\" height=\"450\" data-id=\"2248\" src=\"http:\/\/zseg.edu.pl\/wp-content\/uploads\/2022\/03\/800_600_33df750114bfbe529c8665c18885f6d8.jpg\" alt=\"\" class=\"wp-image-2248\" srcset=\"http:\/\/zseg.edu.pl\/wp-content\/uploads\/2022\/03\/800_600_33df750114bfbe529c8665c18885f6d8.jpg 600w, http:\/\/zseg.edu.pl\/wp-content\/uploads\/2022\/03\/800_600_33df750114bfbe529c8665c18885f6d8-300x225.jpg 300w\" sizes=\"auto, (max-width: 600px) 100vw, 600px\" \/><\/figure>\n\n\n\n<figure class=\"wp-block-image size-large\"><img loading=\"lazy\" decoding=\"async\" width=\"800\" height=\"536\" data-id=\"2249\" src=\"http:\/\/zseg.edu.pl\/wp-content\/uploads\/2022\/03\/800_600_171cbc9dc1b237f0c56d55fd4ae8de78.jpg\" alt=\"\" class=\"wp-image-2249\" srcset=\"http:\/\/zseg.edu.pl\/wp-content\/uploads\/2022\/03\/800_600_171cbc9dc1b237f0c56d55fd4ae8de78.jpg 800w, http:\/\/zseg.edu.pl\/wp-content\/uploads\/2022\/03\/800_600_171cbc9dc1b237f0c56d55fd4ae8de78-300x201.jpg 300w, http:\/\/zseg.edu.pl\/wp-content\/uploads\/2022\/03\/800_600_171cbc9dc1b237f0c56d55fd4ae8de78-768x515.jpg 768w\" sizes=\"auto, (max-width: 800px) 100vw, 800px\" \/><\/figure>\n\n\n\n<figure class=\"wp-block-image size-large\"><img loading=\"lazy\" decoding=\"async\" width=\"800\" height=\"536\" data-id=\"2250\" src=\"http:\/\/zseg.edu.pl\/wp-content\/uploads\/2022\/03\/800_600_530a19fc1ad87164e3b1e63f17d8fb11.jpg\" alt=\"\" class=\"wp-image-2250\" srcset=\"http:\/\/zseg.edu.pl\/wp-content\/uploads\/2022\/03\/800_600_530a19fc1ad87164e3b1e63f17d8fb11.jpg 800w, http:\/\/zseg.edu.pl\/wp-content\/uploads\/2022\/03\/800_600_530a19fc1ad87164e3b1e63f17d8fb11-300x201.jpg 300w, http:\/\/zseg.edu.pl\/wp-content\/uploads\/2022\/03\/800_600_530a19fc1ad87164e3b1e63f17d8fb11-768x515.jpg 768w\" sizes=\"auto, (max-width: 800px) 100vw, 800px\" \/><\/figure>\n\n\n\n<figure class=\"wp-block-image size-large\"><img loading=\"lazy\" decoding=\"async\" width=\"450\" height=\"600\" data-id=\"2252\" src=\"http:\/\/zseg.edu.pl\/wp-content\/uploads\/2022\/03\/800_600_745a158fcd0a0f2325c82d8fda5e867d.jpg\" alt=\"\" class=\"wp-image-2252\" srcset=\"http:\/\/zseg.edu.pl\/wp-content\/uploads\/2022\/03\/800_600_745a158fcd0a0f2325c82d8fda5e867d.jpg 450w, http:\/\/zseg.edu.pl\/wp-content\/uploads\/2022\/03\/800_600_745a158fcd0a0f2325c82d8fda5e867d-225x300.jpg 225w\" sizes=\"auto, (max-width: 450px) 100vw, 450px\" \/><\/figure>\n\n\n\n<figure class=\"wp-block-image size-large\"><img loading=\"lazy\" decoding=\"async\" width=\"519\" height=\"381\" data-id=\"2253\" src=\"http:\/\/zseg.edu.pl\/wp-content\/uploads\/2022\/03\/800_600_996f1fd90ceea8db98dc91a16ab5a7cf.jpg\" alt=\"\" class=\"wp-image-2253\" srcset=\"http:\/\/zseg.edu.pl\/wp-content\/uploads\/2022\/03\/800_600_996f1fd90ceea8db98dc91a16ab5a7cf.jpg 519w, http:\/\/zseg.edu.pl\/wp-content\/uploads\/2022\/03\/800_600_996f1fd90ceea8db98dc91a16ab5a7cf-300x220.jpg 300w\" sizes=\"auto, (max-width: 519px) 100vw, 519px\" \/><\/figure>\n\n\n\n<figure class=\"wp-block-image size-large\"><img loading=\"lazy\" decoding=\"async\" width=\"600\" height=\"450\" data-id=\"2254\" src=\"http:\/\/zseg.edu.pl\/wp-content\/uploads\/2022\/03\/800_600_626771be1d5cf220a21965f57e54d979.jpg\" alt=\"\" class=\"wp-image-2254\" srcset=\"http:\/\/zseg.edu.pl\/wp-content\/uploads\/2022\/03\/800_600_626771be1d5cf220a21965f57e54d979.jpg 600w, http:\/\/zseg.edu.pl\/wp-content\/uploads\/2022\/03\/800_600_626771be1d5cf220a21965f57e54d979-300x225.jpg 300w\" sizes=\"auto, (max-width: 600px) 100vw, 600px\" \/><\/figure>\n\n\n\n<figure class=\"wp-block-image size-large\"><img loading=\"lazy\" decoding=\"async\" width=\"800\" height=\"536\" data-id=\"2255\" src=\"http:\/\/zseg.edu.pl\/wp-content\/uploads\/2022\/03\/800_600_afdf89c9729fee73cd12c2dff78fe03a.jpg\" alt=\"\" class=\"wp-image-2255\" srcset=\"http:\/\/zseg.edu.pl\/wp-content\/uploads\/2022\/03\/800_600_afdf89c9729fee73cd12c2dff78fe03a.jpg 800w, http:\/\/zseg.edu.pl\/wp-content\/uploads\/2022\/03\/800_600_afdf89c9729fee73cd12c2dff78fe03a-300x201.jpg 300w, http:\/\/zseg.edu.pl\/wp-content\/uploads\/2022\/03\/800_600_afdf89c9729fee73cd12c2dff78fe03a-768x515.jpg 768w\" sizes=\"auto, (max-width: 800px) 100vw, 800px\" \/><\/figure>\n\n\n\n<figure class=\"wp-block-image size-large\"><img loading=\"lazy\" decoding=\"async\" width=\"800\" height=\"536\" data-id=\"2256\" src=\"http:\/\/zseg.edu.pl\/wp-content\/uploads\/2022\/03\/800_600_b05cb62e39be1ca3932cab657c93848a.jpg\" alt=\"\" class=\"wp-image-2256\" srcset=\"http:\/\/zseg.edu.pl\/wp-content\/uploads\/2022\/03\/800_600_b05cb62e39be1ca3932cab657c93848a.jpg 800w, http:\/\/zseg.edu.pl\/wp-content\/uploads\/2022\/03\/800_600_b05cb62e39be1ca3932cab657c93848a-300x201.jpg 300w, http:\/\/zseg.edu.pl\/wp-content\/uploads\/2022\/03\/800_600_b05cb62e39be1ca3932cab657c93848a-768x515.jpg 768w\" sizes=\"auto, (max-width: 800px) 100vw, 800px\" \/><\/figure>\n\n\n\n<figure class=\"wp-block-image size-large\"><img loading=\"lazy\" decoding=\"async\" width=\"800\" height=\"536\" data-id=\"2257\" src=\"http:\/\/zseg.edu.pl\/wp-content\/uploads\/2022\/03\/800_600_b25c073ef663f732b3d6c023f7264020.jpg\" alt=\"\" class=\"wp-image-2257\" srcset=\"http:\/\/zseg.edu.pl\/wp-content\/uploads\/2022\/03\/800_600_b25c073ef663f732b3d6c023f7264020.jpg 800w, http:\/\/zseg.edu.pl\/wp-content\/uploads\/2022\/03\/800_600_b25c073ef663f732b3d6c023f7264020-300x201.jpg 300w, http:\/\/zseg.edu.pl\/wp-content\/uploads\/2022\/03\/800_600_b25c073ef663f732b3d6c023f7264020-768x515.jpg 768w\" sizes=\"auto, (max-width: 800px) 100vw, 800px\" \/><\/figure>\n\n\n\n<figure class=\"wp-block-image size-large\"><img loading=\"lazy\" decoding=\"async\" width=\"450\" height=\"337\" data-id=\"2258\" src=\"http:\/\/zseg.edu.pl\/wp-content\/uploads\/2022\/03\/800_600_cc14e76b3dcc9dffb934c0980dada6ec.jpg\" alt=\"\" class=\"wp-image-2258\" srcset=\"http:\/\/zseg.edu.pl\/wp-content\/uploads\/2022\/03\/800_600_cc14e76b3dcc9dffb934c0980dada6ec.jpg 450w, http:\/\/zseg.edu.pl\/wp-content\/uploads\/2022\/03\/800_600_cc14e76b3dcc9dffb934c0980dada6ec-300x225.jpg 300w\" sizes=\"auto, (max-width: 450px) 100vw, 450px\" \/><\/figure>\n\n\n\n<figure class=\"wp-block-image size-large\"><img loading=\"lazy\" decoding=\"async\" width=\"600\" height=\"450\" data-id=\"2260\" src=\"http:\/\/zseg.edu.pl\/wp-content\/uploads\/2022\/03\/800_600_e577f5da4cf4054ed3cb5eef7d5fb2ee.jpg\" alt=\"\" class=\"wp-image-2260\" srcset=\"http:\/\/zseg.edu.pl\/wp-content\/uploads\/2022\/03\/800_600_e577f5da4cf4054ed3cb5eef7d5fb2ee.jpg 600w, http:\/\/zseg.edu.pl\/wp-content\/uploads\/2022\/03\/800_600_e577f5da4cf4054ed3cb5eef7d5fb2ee-300x225.jpg 300w\" sizes=\"auto, (max-width: 600px) 100vw, 600px\" \/><\/figure>\n\n\n\n<figure class=\"wp-block-image size-large\"><img loading=\"lazy\" decoding=\"async\" width=\"800\" height=\"600\" data-id=\"2259\" src=\"http:\/\/zseg.edu.pl\/wp-content\/uploads\/2022\/03\/800_600_f2292daf3a3f8b06c2b439565938ce1c.jpg\" alt=\"\" class=\"wp-image-2259\" srcset=\"http:\/\/zseg.edu.pl\/wp-content\/uploads\/2022\/03\/800_600_f2292daf3a3f8b06c2b439565938ce1c.jpg 800w, http:\/\/zseg.edu.pl\/wp-content\/uploads\/2022\/03\/800_600_f2292daf3a3f8b06c2b439565938ce1c-300x225.jpg 300w, http:\/\/zseg.edu.pl\/wp-content\/uploads\/2022\/03\/800_600_f2292daf3a3f8b06c2b439565938ce1c-768x576.jpg 768w\" sizes=\"auto, (max-width: 800px) 100vw, 800px\" \/><\/figure>\n<\/figure>\n","protected":false},"excerpt":{"rendered":"<p>\u00a0 \u00a0 \u00a0 \u00a0 Celem projektu by\u0142o wsparcie sta\u017cyst\u00f3w &#8211; uczni\u00f3w naszej szko\u0142y &#8211; w podniesieniu kwalifikacji zawodowych tak, \u00a0by mogli wykorzysta\u0107 je w polskich realiach oraz poznanie j\u0119zyka obcego, kultury, tradycji i metod organizacji pracy we W\u0142oszech.\u00a0\u00a0 \u00a0 \u00a0W projekcie wzi\u0119li udzia\u0142 uczniowie technikum: technik ekonomista, kelner, technik organizacji us\u0142ug gastronomicznych i technik hotelarstwa [&hellip;]<\/p>\n","protected":false},"author":2,"featured_media":0,"parent":0,"menu_order":0,"comment_status":"closed","ping_status":"closed","template":"","meta":{"footnotes":""},"class_list":["post-2236","page","type-page","status-publish","czr-hentry"],"_links":{"self":[{"href":"http:\/\/zseg.edu.pl\/index.php\/wp-json\/wp\/v2\/pages\/2236","targetHints":{"allow":["GET"]}}],"collection":[{"href":"http:\/\/zseg.edu.pl\/index.php\/wp-json\/wp\/v2\/pages"}],"about":[{"href":"http:\/\/zseg.edu.pl\/index.php\/wp-json\/wp\/v2\/types\/page"}],"author":[{"embeddable":true,"href":"http:\/\/zseg.edu.pl\/index.php\/wp-json\/wp\/v2\/users\/2"}],"replies":[{"embeddable":true,"href":"http:\/\/zseg.edu.pl\/index.php\/wp-json\/wp\/v2\/comments?post=2236"}],"version-history":[{"count":2,"href":"http:\/\/zseg.edu.pl\/index.php\/wp-json\/wp\/v2\/pages\/2236\/revisions"}],"predecessor-version":[{"id":2263,"href":"http:\/\/zseg.edu.pl\/index.php\/wp-json\/wp\/v2\/pages\/2236\/revisions\/2263"}],"wp:attachment":[{"href":"http:\/\/zseg.edu.pl\/index.php\/wp-json\/wp\/v2\/media?parent=2236"}],"curies":[{"name":"wp","href":"https:\/\/api.w.org\/{rel}","templated":true}]}}