{"id":22,"date":"2021-03-25T20:47:58","date_gmt":"2021-03-25T19:47:58","guid":{"rendered":"http:\/\/zseg.edu.pl\/?page_id=22"},"modified":"2024-05-08T13:51:23","modified_gmt":"2024-05-08T11:51:23","slug":"rodo","status":"publish","type":"page","link":"http:\/\/zseg.edu.pl\/index.php\/rodo\/","title":{"rendered":"RODO"},"content":{"rendered":"\n<p><strong>Klauzula informacyjna dotycz\u0105ca przetwarzania danych osobowych<br>uczni\u00f3w, rodzic\u00f3w i opiekun\u00f3w prawnych<\/strong><\/p>\n\n\n\n<p><strong>Administrator danych osobowych<\/strong><br>Administratorem danych osobowych jest&nbsp;<strong>Zesp\u00f3\u0142 Szk\u00f3\u0142 Ekonomiczno-Gastronomicznych im. Stanis\u0142awa Staszica w Otwocku<\/strong>, z siedzib\u0105 przy ul. Konopnickiej 3, 05-400 Otwock, tel. 22 779 26 44, 22 779 37 86, adres e-mail:&nbsp;sekretariat@zseg.edu.pl.<\/p>\n\n\n\n<p><br><strong>Inspektor Ochrony Danych<\/strong><br>Administrator powo\u0142a\u0142 Inspektora Ochrony Danych (IOD), z kt\u00f3rym mo\u017cna skontaktowa\u0107 si\u0119 we wszelkich sprawach dotycz\u0105cych przetwarzania danych osobowych. Dane kontaktowe IOD: Pawe\u0142 Maliszewski,iod@perfectinfo.pl.<\/p>\n\n\n\n<p><br><strong>Cele przetwarzania<\/strong><br>Dane osobowe kandydat\u00f3w oraz rodzic\u00f3w lub opiekun\u00f3w prawnych kandydat\u00f3w b\u0119d\u0105 przetwarzane w nast\u0119puj\u0105cych celach:<br>\u2022 prowadzenia &#8211; zgodnie z ustawowymi obowi\u0105zkami plac\u00f3wek o\u015bwiatowych &#8211; dzia\u0142alno\u015bci dydaktycznej, wychowawczej, opieku\u0144czej oraz dzia\u0142a\u0144 zwi\u0105zanych z udzielaniem uczniom pomocy psychologiczno-pedagogicznej, prowadzenia zaj\u0119\u0107 dodatkowych, realizacji zada\u0144 z zakresu BHP, prowadzenia \u015bwietlicy szkolnej oraz umo\u017cliwiania wypo\u017cyczania ksi\u0105\u017cek z biblioteki szkolnej;<br>\u2022 dokumentowania procesu nauczania oraz dzia\u0142alno\u015bci wychowawczej i opieku\u0144czej realizowanej przez szko\u0142\u0119, poprzez prowadzenie w zwi\u0105zku z tym niezb\u0119dnej dokumentacji wymaganej przepisami prawa (m.in. prowadzenie ewidencji uczni\u00f3w, dziennika lekcyjnego);<br>\u2022 szybkiego kontaktowania si\u0119 z rodzicami\/opiekunami prawnymi w nag\u0142ych okoliczno\u015bciach;<br>\u2022 promowania i wyr\u00f3\u017cniania osi\u0105gni\u0119\u0107 ucznia poprzez: umieszczanie jego danych osobowych na tablicach na terenie szko\u0142y pod pracami wykonanymi przez ucznia; og\u0142aszanie wygranej w konkursie, w kt\u00f3rym ucze\u0144 bra\u0142 udzia\u0142 lub odczytywanie danych ucznia za osi\u0105gni\u0119cia edukacyjne na uroczysto\u015bciach szkolnych.<\/p>\n\n\n\n<p><br><strong><u>Podstawy prawne<\/u><\/strong><br>Podstaw\u0105 prawn\u0105 przetwarzania danych jest:<br>\u2022 wype\u0142nienie obowi\u0105zku prawnego ci\u0105\u017c\u0105cego na Administratorze zgodnie z ustaw\u0105 z dnia 14 grudnia 2016 r. Prawo o\u015bwiatowe, a tak\u017ce w zwi\u0105zku z Ustaw\u0105 z dnia 7 wrze\u015bnia 1991 r. o systemie o\u015bwiaty oraz<br>\u2022 realizowanie zada\u0144 w interesie publicznym zgodnie z art. 6 ust. 1 lit. e RODO (kreowanie w\u0142a\u015bciwych postaw, formowanie pozytywnych zachowa\u0144 i odruch\u00f3w uczni\u00f3w, wspieranie rozwoju i motywacja).<\/p>\n\n\n\n<p><br><strong>Czas przetwarzania<\/strong><br>Dokumentacja z danymi osobowymi wytworzona podczas ucz\u0119szczania ucznia do szko\u0142y b\u0119dzie przechowywana zgodnie z terminami wskazanymi w Instrukcji kancelaryjnej Zespo\u0142u Szk\u00f3\u0142 Ekonomiczno-Gastronomicznych im. Stanis\u0142awa Staszica w Otwocku oraz Jednolitego Rzeczowego Wykazu Akt. Instrukcja wraz z Wykazem dost\u0119pne s\u0105 do wgl\u0105du w sekretariacie szko\u0142y.<\/p>\n\n\n\n<p><br><strong>Odbiorcy danych<\/strong><br>Odbiorcami danych osobowych uczni\u00f3w, ich rodzic\u00f3w lub opiekun\u00f3w prawnych mog\u0105 by\u0107 podmioty upowa\u017cnione do ich przetwarzania na podstawie przepis\u00f3w prawa tj.: Ministerstwo Edukacji Narodowej \u2013 System Informacji O\u015bwiatowej, Kuratorium O\u015bwiaty, Okr\u0119gowa Komisja Egzaminacyjna, Organ prowadz\u0105cy \u2013 Starostwo Powiatowe w Otwocku, a tak\u017ce podmioty, z kt\u00f3rymi szko\u0142a podpisa\u0142a stosowne umowy powierzenia przetwarzania danych osobowych: O\u015bwiata Powiatowa w Otwocku oraz podmioty \u015bwiadcz\u0105ce dla Administratora us\u0142ugi informatyczne, prawne i doradcze.<\/p>\n\n\n\n<p><br><strong>Prawa os\u00f3b, kt\u00f3rych dane dotycz\u0105<\/strong><br>Na zasadach opisanych w RODO, osobie, kt\u00f3rej dane dotycz\u0105 przys\u0142uguj\u0105 nast\u0119puj\u0105ce prawa:<br>\u2022 prawo \u017c\u0105dania dost\u0119pu do danych osobowych, uzyskania ich kopii oraz sprostowania;<br>\u2022 prawo do ograniczenia przetwarzania, wniesienia sprzeciwu wobec przetwarzania na podstawie art. 6 ust. 1 lit. e RODO oraz prawo do usuni\u0119cia danych, o ile nie wyst\u0119puj\u0105 okoliczno\u015bci ograniczaj\u0105ce realizacj\u0119 tych praw;<br>\u2022 prawo wniesieni skargi do Prezesa Urz\u0119du Ochrony Danych Osobowych.<\/p>\n\n\n\n<p><br><strong>Informacja o konieczno\u015bci podania danych<\/strong><br>Podanie danych osobowych jest wymogiem ustawowym, koniecznym do realizacji obowi\u0105zk\u00f3w prawnych ci\u0105\u017c\u0105cych na Administratorze. Brak podania danych osobowych poskutkuje nieprzyj\u0119ciem kandydata do szko\u0142y.<\/p>\n\n\n\n<p><br><strong>Informacje o zautomatyzowanym podejmowaniu decyzji, w tym o profilowaniu<\/strong><br>Dane osobowe nie b\u0119d\u0105 podlega\u0142y zautomatyzowanemu podejmowaniu decyzji w tym profilowaniu.<\/p>\n\n\n\n<p>*Rozporz\u0105dzenie Parlamentu Europejskiego i Rady (UE) 2016\/679 z 27 kwietnia 2016 r. w sprawie ochrony os\u00f3b fizycznych w zwi\u0105zku z przetwarzaniem danych osobowych i w sprawie swobodnego przep\u0142ywu takich danych oraz uchylenia dyrektywy 95\/46\/WE<\/p>\n","protected":false},"excerpt":{"rendered":"<p>Klauzula informacyjna dotycz\u0105ca przetwarzania danych osobowychuczni\u00f3w, rodzic\u00f3w i opiekun\u00f3w prawnych Administrator danych osobowychAdministratorem danych osobowych jest&nbsp;Zesp\u00f3\u0142 Szk\u00f3\u0142 Ekonomiczno-Gastronomicznych im. Stanis\u0142awa Staszica w Otwocku, z siedzib\u0105 przy ul. Konopnickiej 3, 05-400 Otwock, tel. 22 779 26 44, 22 779 37 86, adres e-mail:&nbsp;sekretariat@zseg.edu.pl. Inspektor Ochrony DanychAdministrator powo\u0142a\u0142 Inspektora Ochrony Danych (IOD), z kt\u00f3rym mo\u017cna skontaktowa\u0107 si\u0119 [&hellip;]<\/p>\n","protected":false},"author":1,"featured_media":0,"parent":0,"menu_order":0,"comment_status":"closed","ping_status":"closed","template":"","meta":{"footnotes":""},"class_list":["post-22","page","type-page","status-publish","czr-hentry"],"_links":{"self":[{"href":"http:\/\/zseg.edu.pl\/index.php\/wp-json\/wp\/v2\/pages\/22","targetHints":{"allow":["GET"]}}],"collection":[{"href":"http:\/\/zseg.edu.pl\/index.php\/wp-json\/wp\/v2\/pages"}],"about":[{"href":"http:\/\/zseg.edu.pl\/index.php\/wp-json\/wp\/v2\/types\/page"}],"author":[{"embeddable":true,"href":"http:\/\/zseg.edu.pl\/index.php\/wp-json\/wp\/v2\/users\/1"}],"replies":[{"embeddable":true,"href":"http:\/\/zseg.edu.pl\/index.php\/wp-json\/wp\/v2\/comments?post=22"}],"version-history":[{"count":3,"href":"http:\/\/zseg.edu.pl\/index.php\/wp-json\/wp\/v2\/pages\/22\/revisions"}],"predecessor-version":[{"id":6211,"href":"http:\/\/zseg.edu.pl\/index.php\/wp-json\/wp\/v2\/pages\/22\/revisions\/6211"}],"wp:attachment":[{"href":"http:\/\/zseg.edu.pl\/index.php\/wp-json\/wp\/v2\/media?parent=22"}],"curies":[{"name":"wp","href":"https:\/\/api.w.org\/{rel}","templated":true}]}}