{"id":2166,"date":"2022-03-22T11:25:27","date_gmt":"2022-03-22T10:25:27","guid":{"rendered":"http:\/\/zseg.edu.pl\/?page_id=2166"},"modified":"2022-03-22T11:48:03","modified_gmt":"2022-03-22T10:48:03","slug":"uczymy-sie-zawodu-w-europie","status":"publish","type":"page","link":"http:\/\/zseg.edu.pl\/index.php\/uczymy-sie-zawodu-w-europie\/","title":{"rendered":"Uczymy si\u0119 zawodu w Europie"},"content":{"rendered":"\n<figure class=\"wp-block-image size-full\"><img loading=\"lazy\" decoding=\"async\" width=\"944\" height=\"96\" src=\"http:\/\/zseg.edu.pl\/wp-content\/uploads\/2022\/03\/image.png\" alt=\"\" class=\"wp-image-2203\" srcset=\"http:\/\/zseg.edu.pl\/wp-content\/uploads\/2022\/03\/image.png 944w, http:\/\/zseg.edu.pl\/wp-content\/uploads\/2022\/03\/image-300x31.png 300w, http:\/\/zseg.edu.pl\/wp-content\/uploads\/2022\/03\/image-768x78.png 768w\" sizes=\"auto, (max-width: 944px) 100vw, 944px\" \/><\/figure>\n\n\n\n<p class=\"has-text-align-center has-pale-cyan-blue-background-color has-background\" style=\"font-style:italic;font-weight:800;text-transform:uppercase\"><strong>Projekt sta\u017cy zawodowych<\/strong><\/p>\n\n\n\n<p class=\"has-text-align-center has-pale-cyan-blue-background-color has-background\"><strong>\u201eUczymy si\u0119 zawodu w Europie\u201d<br>\u2013 W\u0142ochy \u2013 Hiszpania 2014<\/strong><\/p>\n\n\n\n<div class=\"wp-block-media-text alignwide is-stacked-on-mobile\" style=\"grid-template-columns:30% auto\"><figure class=\"wp-block-media-text__media\"><img loading=\"lazy\" decoding=\"async\" width=\"402\" height=\"305\" src=\"http:\/\/zseg.edu.pl\/wp-content\/uploads\/2022\/03\/image-1.png\" alt=\"\" class=\"wp-image-2207 size-full\" srcset=\"http:\/\/zseg.edu.pl\/wp-content\/uploads\/2022\/03\/image-1.png 402w, http:\/\/zseg.edu.pl\/wp-content\/uploads\/2022\/03\/image-1-300x228.png 300w\" sizes=\"auto, (max-width: 402px) 100vw, 402px\" \/><\/figure><div class=\"wp-block-media-text__content\">\n<p>Celem projektu jest wsparcie uczni\u00f3w w procesie podnoszenia\u00a0kwalifikacji zawodowych, tak by mogli wykorzysta\u0107 je w polskich realiach, oraz umo\u017cliwienie im poznania j\u0119zyka obcego, kultury, tradycji i metod organizacji pracy we W\u0142oszech oraz w Hiszpanii. Ka\u017cdy z uczestnik\u00f3w zakwalifikowany do udzia\u0142u w projekcie we\u017amie udzia\u0142 w kursie j\u0119zyka w\u0142oskiego lub hiszpa\u0144skiego, w zale\u017cno\u015bci od kraju odbywania sta\u017cu,(80 godzin) i j\u0119zyka angielskiego zawodowego (40 godzin), w przygotowaniu kulturowym i przygotowaniu pedagogicznym. W ramach realizacji projektu zapewniamy pokrycie koszt\u00f3w i organizacj\u0119 przejazdu na miejsce sta\u017cu, zakwaterowanie, wy\u017cywienie, ubezpieczenie, kieszonkowe oraz organizacj\u0119 miejsca sta\u017cu wraz z opiek\u0105 polskoj\u0119zycznego Mentora i opiek\u0105 nauczyciela ze szko\u0142y.<\/p>\n<\/div><\/div>\n\n\n\n<p class=\"has-text-align-center\"><strong>&nbsp;PODSUMOWANIE PROJEKTU<\/strong><\/p>\n\n\n\n<p>&nbsp;&nbsp;&nbsp;&nbsp;&nbsp;&nbsp;&nbsp;&nbsp;&nbsp; W 2014 r. m\u0142odzie\u017c kszta\u0142c\u0105ca si\u0119 w zawodach: technik ekonomista (3c, 3a), technik hotelarstwa (3r, 3b), technik \u017cywienia i us\u0142ug gastronomicznych (3t) oraz kelner (3k) wyjecha\u0142a na sta\u017c do W\u0142och i Hiszpanii. By\u0142y to 15 \u2013 osobowe grupy, kt\u00f3re wraz z opiekunami szkolnymi przebywa\u0142y za granic\u0105 w czterech terminach.<br><strong>W\u0142ochy \u2013 Spoleto<\/strong><br>2 wrze\u015bnia 2014 r. \u2013 23 wrze\u015bnia 2014 r., uczniowie z klas 3a (technik ekonomista), 3r (technik hotelarstwa)<br>20 wrze\u015bnia 2014 r. \u2013 11 pa\u017adziernika 2014 r., uczniowie z klas 3c (technik ekonomista), 3k (kelner)<br><strong>Hiszpania \u2013 Cordoba<\/strong><br>4 wrze\u015bnia 2014 r. \u2013 25 wrze\u015bnia 2014 r., uczniowie z klas 3a (technik ekonomista), 3b (technik hotelarstwa)<br><strong>Hiszpania \u2013 Granada<\/strong><br>23 wrze\u015bnia 2014 r. \u2013 14 pa\u017adziernika 2014 r., uczniowie z klas 3b (technik hotelarstwa), 3c (technik ekonomista), 3t (technik \u017cywienia i us\u0142ug gastronomicznych)<br>&nbsp;&nbsp;&nbsp;&nbsp;&nbsp;&nbsp; Na sta\u017c \u0142\u0105cznie wyjecha\u0142o 60 uczni\u00f3w, kt\u00f3rzy otrzymali wcze\u015bniej wszechstronne przygotowanie pedagogiczne, j\u0119zykowe i kulturowe oraz wsparcie finansowe na w\u0142asne wydatki. Pobyt ka\u017cdej grupy trwa\u0142 3 tygodnie. M\u0142odzie\u017c nie ponosi\u0142a \u017cadnych koszt\u00f3w zwi\u0105zanych z przejazdem, pobytem, wy\u017cywieniem oraz ubezpieczeniem.<br>G\u0142\u00f3wnym celem projektu by\u0142o doskonalenie umiej\u0119tno\u015bci zawodowych i poznanie bran\u017cowego j\u0119zyka obcego, zdobywanie nowych kwalifikacji, poznanie kultury, tradycji i nowych metod organizacji pracy kraju przyjmuj\u0105cego. M\u0142odzie\u017c korzysta\u0142a z do\u015bwiadcze\u0144 najlepszych hotelarzy i restaurator\u00f3w oraz pracownik\u00f3w renomowanych biur ubezpieczeniowych.<br>Uczniowie, kt\u00f3rzy realizowali sta\u017ce zawodowe we w\u0142oskim miasteczku Spoleto byli zakwaterowani w Villa Redenta, zabytkowym hostelu otoczonym drzewami laurowymi, po\u0142o\u017conym w s\u0105siedztwie malowniczych szczyt\u00f3w Apenin\u00f3w. M\u0142odzie\u017c kt\u00f3ra przebywa\u0142a w Hiszpanii w Cordobie mieszka\u0142a w Akademii Cordoba \u2013 pi\u0119knej willi \u2013 kamienicy w starej cz\u0119\u015bci 300 tysi\u0119cznego miasta na po\u0142udniu Hiszpanii. M\u0142odzie\u017c odbywaj\u0105ca praktyki w Hiszpanii w Grenadzie zakwaterowana by\u0142a w Budynku<\/p>\n\n\n\n<p>Akademii przy Calle de Panaderos. Miasto jest jednym z najwa\u017cniejszych o\u015brodk\u00f3w turystycznych, s\u0142ynie z pi\u0119knego po\u0142o\u017cenia i licznych zabytk\u00f3w w regionie Andaluzji.<br>Ka\u017cdy sta\u017cysta przepracowa\u0142 15 dni a w pozosta\u0142e \u2013 podczas wycieczek turystyczno \u2013 krajoznawczych poszerza\u0142 wiedz\u0119 o kulturze danego kraju. Miejsca praktyk zosta\u0142y dobrane zgodnie z predyspozycjami j\u0119zykowymi uczestnik\u00f3w sta\u017cu. M\u0142odzie\u017c odbywaj\u0105ca sta\u017c zawodowy we W\u0142oszech zwiedza\u0142a miasta: Spoleto, Asy\u017c, Rzym, Watykan oraz podziwia\u0142a najwi\u0119kszy sztuczny wodospad na \u015bwiecie w Terni wraz z przylegaj\u0105cym do niego unikatowym kompleksem ro\u015blinnym. M\u0142odzie\u017c przebywaj\u0105ca w Hiszpanii pozna\u0142a miasta: Cordob\u0119, Granad\u0119, Sevill\u0119, Malag\u0119, podziwia\u0142a aren\u0119 byk\u00f3w oraz k\u0105pa\u0142a si\u0119 w Morzu \u015ar\u00f3dziemnym.<br>Czas wolny od pracy m\u0142odzie\u017c sp\u0119dza\u0142a r\u00f3\u017cnie, w zale\u017cno\u015bci od indywidualnych potrzeb. Wykorzystywany by\u0142 on zazwyczaj na zakupy, zwiedzanie miasta, chodzenie po g\u00f3rach, czy opalanie si\u0119 poniewa\u017c sprzyja\u0142y temu wysokie temperatury dochodz\u0105ce do 30 stopni Celsjusza.<\/p>\n\n\n\n<p><strong>Korzy\u015bci, jakie da\u0142 sta\u017c m\u0142odzie\u017cy:<\/strong><\/p>\n\n\n\n<ul class=\"wp-block-list\"><li>&nbsp;poznali metody organizacji i specyfik\u0119 pracy w miejscu odbywanego sta\u017cu,<\/li><li>&nbsp;zdobyli umiej\u0119tno\u015b\u0107 organizowania w\u0142asnego warsztatu pracy,<\/li><li>&nbsp;doskonalili znajomo\u015b\u0107 j\u0119zyka w\u0142oskiego, hiszpa\u0144skiego i angielskiego,<\/li><li>&nbsp;poszerzyli umiej\u0119tno\u015b\u0107 pos\u0142ugiwania si\u0119 technologiami informatyczno \u2013 komunikacyjnymi,<\/li><li>wypracowali postawy odpowiedzialno\u015bci, punktualno\u015bci oraz sumiennego wykonywania obowi\u0105zk\u00f3w,<\/li><li>&nbsp;poznali kultur\u0119 i styl \u017cycia W\u0142och\u00f3w oraz Hiszpan\u00f3w,<\/li><li>&nbsp;pokonali barier\u0119 kulturow\u0105 i j\u0119zykow\u0105,<\/li><li>&nbsp;pokonali l\u0119ki dotycz\u0105ce podr\u00f3\u017cowania po \u015bwieci i podejmowania pracy w innym kraju,<\/li><li>&nbsp;zyskali bardzo dobr\u0105 opini\u0119 jako pracownicy \u2013 \u015bwiadcz\u0105 o tym referencje oraz propozycje dalszej wsp\u00f3\u0142pracy<\/li><li>&nbsp;otrzymali unijny dokument Europass Mobilno\u015b\u0107<\/li><\/ul>\n\n\n\n<p><strong>17 lutego w naszej szkole odby\u0142a si\u0119 KONFERENCJA&nbsp;podsumowuj\u0105ca sta\u017c naszych uczni\u00f3w we W\u0142oszech i Hiszpanii.&nbsp;<\/strong><\/p>\n\n\n\n<p>Szczeg\u00f3\u0142y w aktualno\u015bciach.<\/p>\n\n\n\n<p>W za\u0142\u0105czeniu umieszczono: ankiet\u0119 rekrutacyjn\u0105, prezentacj\u0119 ze Spoleto, Granady&nbsp; i Cordoby, gazetk\u0119 z podsumowania sta\u017cu, prezentacj\u0119 koordynatora projektu.<\/p>\n\n\n\n<div class=\"wp-block-file\"><a id=\"wp-block-file--media-c3272bcf-55da-4288-9c21-f0ed7258f305\" href=\"http:\/\/zseg.edu.pl\/wp-content\/uploads\/2022\/03\/staz_w_cordobie_cz1.-1.ppt\"><br>sta\u017c w Cordobie cz\u0119\u015b\u0107 1<\/a><a href=\"http:\/\/zseg.edu.pl\/wp-content\/uploads\/2022\/03\/staz_w_cordobie_cz1.-1.ppt\" class=\"wp-block-file__button\" download aria-describedby=\"wp-block-file--media-c3272bcf-55da-4288-9c21-f0ed7258f305\">Pobierz<\/a><\/div>\n\n\n\n<div class=\"wp-block-file\"><a id=\"wp-block-file--media-d7245635-b110-4e36-b1df-5f3584ef5c78\" href=\"http:\/\/zseg.edu.pl\/wp-content\/uploads\/2022\/03\/staz_w_cordobie_cz.2..ppt\">sta\u017c w Cordobie cz\u0119\u015b\u0107 2<\/a><a href=\"http:\/\/zseg.edu.pl\/wp-content\/uploads\/2022\/03\/staz_w_cordobie_cz.2..ppt\" class=\"wp-block-file__button\" download aria-describedby=\"wp-block-file--media-d7245635-b110-4e36-b1df-5f3584ef5c78\">Pobierz<\/a><\/div>\n\n\n\n<div class=\"wp-block-file\"><a id=\"wp-block-file--media-9d7396b6-f218-4553-a1ad-510ae5383a93\" href=\"http:\/\/zseg.edu.pl\/wp-content\/uploads\/2022\/03\/spoleto20141-1.pdf\">Spoleto<\/a><a href=\"http:\/\/zseg.edu.pl\/wp-content\/uploads\/2022\/03\/spoleto20141-1.pdf\" class=\"wp-block-file__button\" download aria-describedby=\"wp-block-file--media-9d7396b6-f218-4553-a1ad-510ae5383a93\">Pobierz<\/a><\/div>\n\n\n\n<div class=\"wp-block-file\"><a id=\"wp-block-file--media-799cd4a5-c89e-44d6-9bf8-338691aedf4b\" href=\"http:\/\/zseg.edu.pl\/wp-content\/uploads\/2022\/03\/hiszpania.ppt\">Hiszpania<\/a><a href=\"http:\/\/zseg.edu.pl\/wp-content\/uploads\/2022\/03\/hiszpania.ppt\" class=\"wp-block-file__button\" download aria-describedby=\"wp-block-file--media-799cd4a5-c89e-44d6-9bf8-338691aedf4b\">Pobierz<\/a><\/div>\n\n\n\n<div class=\"wp-block-file\"><a id=\"wp-block-file--media-618e7cd1-4512-441d-84a3-8e7cc41a137d\" href=\"http:\/\/zseg.edu.pl\/wp-content\/uploads\/2022\/03\/otwock_2014_pokl_oczami_szkoly.ppt\">Rezultaty projektu oczami szko\u0142y<\/a><a href=\"http:\/\/zseg.edu.pl\/wp-content\/uploads\/2022\/03\/otwock_2014_pokl_oczami_szkoly.ppt\" class=\"wp-block-file__button\" download aria-describedby=\"wp-block-file--media-618e7cd1-4512-441d-84a3-8e7cc41a137d\">Pobierz<\/a><\/div>\n\n\n\n<div class=\"wp-block-file\"><a id=\"wp-block-file--media-7de429b0-672e-4469-8dd0-9f2daf5e7e37\" href=\"http:\/\/zseg.edu.pl\/wp-content\/uploads\/2022\/03\/gazetka1.pdf\">gazetka<\/a><a href=\"http:\/\/zseg.edu.pl\/wp-content\/uploads\/2022\/03\/gazetka1.pdf\" class=\"wp-block-file__button\" download aria-describedby=\"wp-block-file--media-7de429b0-672e-4469-8dd0-9f2daf5e7e37\">Pobierz<\/a><\/div>\n\n\n\n<div class=\"wp-block-file\"><a id=\"wp-block-file--media-6c4cef78-11c7-4774-8963-bb834d537554\" href=\"http:\/\/zseg.edu.pl\/wp-content\/uploads\/2022\/03\/ankieta.pdf\">ankieta<\/a><a href=\"http:\/\/zseg.edu.pl\/wp-content\/uploads\/2022\/03\/ankieta.pdf\" class=\"wp-block-file__button\" download aria-describedby=\"wp-block-file--media-6c4cef78-11c7-4774-8963-bb834d537554\">Pobierz<\/a><\/div>\n\n\n\n<div class=\"wp-block-file\"><a id=\"wp-block-file--media-1f97a741-d832-4c06-bda8-a7d45ebe8967\" href=\"http:\/\/zseg.edu.pl\/wp-content\/uploads\/2022\/03\/Projekt-stazy-zawodowych.docx\">Projekt-stazy-zawodowych<\/a><a href=\"http:\/\/zseg.edu.pl\/wp-content\/uploads\/2022\/03\/Projekt-stazy-zawodowych.docx\" class=\"wp-block-file__button\" download aria-describedby=\"wp-block-file--media-1f97a741-d832-4c06-bda8-a7d45ebe8967\">Pobierz<\/a><\/div>\n\n\n\n<figure class=\"wp-block-gallery has-nested-images columns-default is-cropped wp-block-gallery-1 is-layout-flex wp-block-gallery-is-layout-flex\">\n<figure class=\"wp-block-image size-large\"><img loading=\"lazy\" decoding=\"async\" width=\"800\" height=\"450\" data-id=\"2193\" src=\"http:\/\/zseg.edu.pl\/wp-content\/uploads\/2022\/03\/800_600_4af3acde35f53eb8e7fe935f0b1c65aa.jpg\" alt=\"\" class=\"wp-image-2193\" srcset=\"http:\/\/zseg.edu.pl\/wp-content\/uploads\/2022\/03\/800_600_4af3acde35f53eb8e7fe935f0b1c65aa.jpg 800w, http:\/\/zseg.edu.pl\/wp-content\/uploads\/2022\/03\/800_600_4af3acde35f53eb8e7fe935f0b1c65aa-300x169.jpg 300w, http:\/\/zseg.edu.pl\/wp-content\/uploads\/2022\/03\/800_600_4af3acde35f53eb8e7fe935f0b1c65aa-768x432.jpg 768w, http:\/\/zseg.edu.pl\/wp-content\/uploads\/2022\/03\/800_600_4af3acde35f53eb8e7fe935f0b1c65aa-528x297.jpg 528w\" sizes=\"auto, (max-width: 800px) 100vw, 800px\" \/><\/figure>\n\n\n\n<figure class=\"wp-block-image size-large\"><img loading=\"lazy\" decoding=\"async\" width=\"450\" height=\"600\" data-id=\"2190\" src=\"http:\/\/zseg.edu.pl\/wp-content\/uploads\/2022\/03\/800_600_5a6a039531aa57c52312a1c2aa05d95c.jpg\" alt=\"\" class=\"wp-image-2190\" srcset=\"http:\/\/zseg.edu.pl\/wp-content\/uploads\/2022\/03\/800_600_5a6a039531aa57c52312a1c2aa05d95c.jpg 450w, http:\/\/zseg.edu.pl\/wp-content\/uploads\/2022\/03\/800_600_5a6a039531aa57c52312a1c2aa05d95c-225x300.jpg 225w\" sizes=\"auto, (max-width: 450px) 100vw, 450px\" \/><\/figure>\n\n\n\n<figure class=\"wp-block-image size-large\"><img loading=\"lazy\" decoding=\"async\" width=\"450\" height=\"600\" data-id=\"2191\" src=\"http:\/\/zseg.edu.pl\/wp-content\/uploads\/2022\/03\/800_600_8eb380584e06f80ac2c93caa4b28a003.jpg\" alt=\"\" class=\"wp-image-2191\" srcset=\"http:\/\/zseg.edu.pl\/wp-content\/uploads\/2022\/03\/800_600_8eb380584e06f80ac2c93caa4b28a003.jpg 450w, http:\/\/zseg.edu.pl\/wp-content\/uploads\/2022\/03\/800_600_8eb380584e06f80ac2c93caa4b28a003-225x300.jpg 225w\" sizes=\"auto, (max-width: 450px) 100vw, 450px\" \/><\/figure>\n\n\n\n<figure class=\"wp-block-image size-large\"><img loading=\"lazy\" decoding=\"async\" width=\"800\" height=\"450\" data-id=\"2192\" src=\"http:\/\/zseg.edu.pl\/wp-content\/uploads\/2022\/03\/800_600_61db84d6c3ab602a85e29c56fdc36f7a.jpg\" alt=\"\" class=\"wp-image-2192\" srcset=\"http:\/\/zseg.edu.pl\/wp-content\/uploads\/2022\/03\/800_600_61db84d6c3ab602a85e29c56fdc36f7a.jpg 800w, http:\/\/zseg.edu.pl\/wp-content\/uploads\/2022\/03\/800_600_61db84d6c3ab602a85e29c56fdc36f7a-300x169.jpg 300w, http:\/\/zseg.edu.pl\/wp-content\/uploads\/2022\/03\/800_600_61db84d6c3ab602a85e29c56fdc36f7a-768x432.jpg 768w, http:\/\/zseg.edu.pl\/wp-content\/uploads\/2022\/03\/800_600_61db84d6c3ab602a85e29c56fdc36f7a-528x297.jpg 528w\" sizes=\"auto, (max-width: 800px) 100vw, 800px\" \/><\/figure>\n\n\n\n<figure class=\"wp-block-image size-large\"><img loading=\"lazy\" decoding=\"async\" width=\"800\" height=\"600\" data-id=\"2195\" src=\"http:\/\/zseg.edu.pl\/wp-content\/uploads\/2022\/03\/800_600_71faab3ffac44b76880c6ebd8c5068bc.jpg\" alt=\"\" class=\"wp-image-2195\" srcset=\"http:\/\/zseg.edu.pl\/wp-content\/uploads\/2022\/03\/800_600_71faab3ffac44b76880c6ebd8c5068bc.jpg 800w, http:\/\/zseg.edu.pl\/wp-content\/uploads\/2022\/03\/800_600_71faab3ffac44b76880c6ebd8c5068bc-300x225.jpg 300w, http:\/\/zseg.edu.pl\/wp-content\/uploads\/2022\/03\/800_600_71faab3ffac44b76880c6ebd8c5068bc-768x576.jpg 768w\" sizes=\"auto, (max-width: 800px) 100vw, 800px\" \/><\/figure>\n\n\n\n<figure class=\"wp-block-image size-large\"><img loading=\"lazy\" decoding=\"async\" width=\"800\" height=\"536\" data-id=\"2194\" src=\"http:\/\/zseg.edu.pl\/wp-content\/uploads\/2022\/03\/800_600_493e0aef9d8d0d7d2d6a38bf715b62aa.jpg\" alt=\"\" class=\"wp-image-2194\" srcset=\"http:\/\/zseg.edu.pl\/wp-content\/uploads\/2022\/03\/800_600_493e0aef9d8d0d7d2d6a38bf715b62aa.jpg 800w, http:\/\/zseg.edu.pl\/wp-content\/uploads\/2022\/03\/800_600_493e0aef9d8d0d7d2d6a38bf715b62aa-300x201.jpg 300w, http:\/\/zseg.edu.pl\/wp-content\/uploads\/2022\/03\/800_600_493e0aef9d8d0d7d2d6a38bf715b62aa-768x515.jpg 768w\" sizes=\"auto, (max-width: 800px) 100vw, 800px\" \/><\/figure>\n\n\n\n<figure class=\"wp-block-image size-large\"><img loading=\"lazy\" decoding=\"async\" width=\"800\" height=\"600\" data-id=\"2196\" src=\"http:\/\/zseg.edu.pl\/wp-content\/uploads\/2022\/03\/800_600_a66eacee6baccd36f4dce1430f0d5438.jpg\" alt=\"\" class=\"wp-image-2196\" srcset=\"http:\/\/zseg.edu.pl\/wp-content\/uploads\/2022\/03\/800_600_a66eacee6baccd36f4dce1430f0d5438.jpg 800w, http:\/\/zseg.edu.pl\/wp-content\/uploads\/2022\/03\/800_600_a66eacee6baccd36f4dce1430f0d5438-300x225.jpg 300w, http:\/\/zseg.edu.pl\/wp-content\/uploads\/2022\/03\/800_600_a66eacee6baccd36f4dce1430f0d5438-768x576.jpg 768w\" sizes=\"auto, (max-width: 800px) 100vw, 800px\" \/><\/figure>\n\n\n\n<figure class=\"wp-block-image size-large\"><img loading=\"lazy\" decoding=\"async\" width=\"800\" height=\"450\" data-id=\"2197\" src=\"http:\/\/zseg.edu.pl\/wp-content\/uploads\/2022\/03\/800_600_af60f9a8644d5cd23013f91f77aad2bd.jpg\" alt=\"\" class=\"wp-image-2197\" srcset=\"http:\/\/zseg.edu.pl\/wp-content\/uploads\/2022\/03\/800_600_af60f9a8644d5cd23013f91f77aad2bd.jpg 800w, http:\/\/zseg.edu.pl\/wp-content\/uploads\/2022\/03\/800_600_af60f9a8644d5cd23013f91f77aad2bd-300x169.jpg 300w, http:\/\/zseg.edu.pl\/wp-content\/uploads\/2022\/03\/800_600_af60f9a8644d5cd23013f91f77aad2bd-768x432.jpg 768w, http:\/\/zseg.edu.pl\/wp-content\/uploads\/2022\/03\/800_600_af60f9a8644d5cd23013f91f77aad2bd-528x297.jpg 528w\" sizes=\"auto, (max-width: 800px) 100vw, 800px\" \/><\/figure>\n\n\n\n<figure class=\"wp-block-image size-large\"><img loading=\"lazy\" decoding=\"async\" width=\"357\" height=\"600\" data-id=\"2198\" src=\"http:\/\/zseg.edu.pl\/wp-content\/uploads\/2022\/03\/800_600_bf1ab0f7b66723356d6874e10fd6c246.jpg\" alt=\"\" class=\"wp-image-2198\" srcset=\"http:\/\/zseg.edu.pl\/wp-content\/uploads\/2022\/03\/800_600_bf1ab0f7b66723356d6874e10fd6c246.jpg 357w, http:\/\/zseg.edu.pl\/wp-content\/uploads\/2022\/03\/800_600_bf1ab0f7b66723356d6874e10fd6c246-179x300.jpg 179w\" sizes=\"auto, (max-width: 357px) 100vw, 357px\" \/><\/figure>\n\n\n\n<figure class=\"wp-block-image size-large\"><img loading=\"lazy\" decoding=\"async\" width=\"800\" height=\"536\" data-id=\"2199\" src=\"http:\/\/zseg.edu.pl\/wp-content\/uploads\/2022\/03\/800_600_cf892b3fb3a8e60dde56b20dce433fbc.jpg\" alt=\"\" class=\"wp-image-2199\" srcset=\"http:\/\/zseg.edu.pl\/wp-content\/uploads\/2022\/03\/800_600_cf892b3fb3a8e60dde56b20dce433fbc.jpg 800w, http:\/\/zseg.edu.pl\/wp-content\/uploads\/2022\/03\/800_600_cf892b3fb3a8e60dde56b20dce433fbc-300x201.jpg 300w, http:\/\/zseg.edu.pl\/wp-content\/uploads\/2022\/03\/800_600_cf892b3fb3a8e60dde56b20dce433fbc-768x515.jpg 768w\" sizes=\"auto, (max-width: 800px) 100vw, 800px\" \/><\/figure>\n\n\n\n<figure class=\"wp-block-image size-large\"><img loading=\"lazy\" decoding=\"async\" width=\"800\" height=\"600\" data-id=\"2201\" src=\"http:\/\/zseg.edu.pl\/wp-content\/uploads\/2022\/03\/800_600_d6ab91bd74d7011b576209f64079e235.jpg\" alt=\"\" class=\"wp-image-2201\" srcset=\"http:\/\/zseg.edu.pl\/wp-content\/uploads\/2022\/03\/800_600_d6ab91bd74d7011b576209f64079e235.jpg 800w, http:\/\/zseg.edu.pl\/wp-content\/uploads\/2022\/03\/800_600_d6ab91bd74d7011b576209f64079e235-300x225.jpg 300w, http:\/\/zseg.edu.pl\/wp-content\/uploads\/2022\/03\/800_600_d6ab91bd74d7011b576209f64079e235-768x576.jpg 768w\" sizes=\"auto, (max-width: 800px) 100vw, 800px\" \/><\/figure>\n\n\n\n<figure class=\"wp-block-image size-large\"><img loading=\"lazy\" decoding=\"async\" width=\"800\" height=\"600\" data-id=\"2200\" src=\"http:\/\/zseg.edu.pl\/wp-content\/uploads\/2022\/03\/800_600_d6e6a223cb0f6557b1d7acfaebfbea6f.jpg\" alt=\"\" class=\"wp-image-2200\" srcset=\"http:\/\/zseg.edu.pl\/wp-content\/uploads\/2022\/03\/800_600_d6e6a223cb0f6557b1d7acfaebfbea6f.jpg 800w, http:\/\/zseg.edu.pl\/wp-content\/uploads\/2022\/03\/800_600_d6e6a223cb0f6557b1d7acfaebfbea6f-300x225.jpg 300w, http:\/\/zseg.edu.pl\/wp-content\/uploads\/2022\/03\/800_600_d6e6a223cb0f6557b1d7acfaebfbea6f-768x576.jpg 768w\" sizes=\"auto, (max-width: 800px) 100vw, 800px\" \/><\/figure>\n<\/figure>\n","protected":false},"excerpt":{"rendered":"<p>Projekt sta\u017cy zawodowych \u201eUczymy si\u0119 zawodu w Europie\u201d\u2013 W\u0142ochy \u2013 Hiszpania 2014 Celem projektu jest wsparcie uczni\u00f3w w procesie podnoszenia\u00a0kwalifikacji zawodowych, tak by mogli wykorzysta\u0107 je w polskich realiach, oraz umo\u017cliwienie im poznania j\u0119zyka obcego, kultury, tradycji i metod organizacji pracy we W\u0142oszech oraz w Hiszpanii. Ka\u017cdy z uczestnik\u00f3w zakwalifikowany do udzia\u0142u w projekcie we\u017amie [&hellip;]<\/p>\n","protected":false},"author":2,"featured_media":0,"parent":0,"menu_order":0,"comment_status":"closed","ping_status":"closed","template":"","meta":{"footnotes":""},"class_list":["post-2166","page","type-page","status-publish","czr-hentry"],"_links":{"self":[{"href":"http:\/\/zseg.edu.pl\/index.php\/wp-json\/wp\/v2\/pages\/2166","targetHints":{"allow":["GET"]}}],"collection":[{"href":"http:\/\/zseg.edu.pl\/index.php\/wp-json\/wp\/v2\/pages"}],"about":[{"href":"http:\/\/zseg.edu.pl\/index.php\/wp-json\/wp\/v2\/types\/page"}],"author":[{"embeddable":true,"href":"http:\/\/zseg.edu.pl\/index.php\/wp-json\/wp\/v2\/users\/2"}],"replies":[{"embeddable":true,"href":"http:\/\/zseg.edu.pl\/index.php\/wp-json\/wp\/v2\/comments?post=2166"}],"version-history":[{"count":7,"href":"http:\/\/zseg.edu.pl\/index.php\/wp-json\/wp\/v2\/pages\/2166\/revisions"}],"predecessor-version":[{"id":2211,"href":"http:\/\/zseg.edu.pl\/index.php\/wp-json\/wp\/v2\/pages\/2166\/revisions\/2211"}],"wp:attachment":[{"href":"http:\/\/zseg.edu.pl\/index.php\/wp-json\/wp\/v2\/media?parent=2166"}],"curies":[{"name":"wp","href":"https:\/\/api.w.org\/{rel}","templated":true}]}}