{"id":189,"date":"2021-04-07T19:28:52","date_gmt":"2021-04-07T17:28:52","guid":{"rendered":"http:\/\/zseg.edu.pl\/?p=189"},"modified":"2024-11-05T11:38:51","modified_gmt":"2024-11-05T10:38:51","slug":"samorzad","status":"publish","type":"page","link":"http:\/\/zseg.edu.pl\/index.php\/samorzad\/","title":{"rendered":"Samorz\u0105d"},"content":{"rendered":"\n<p>Przewodnicz\u0105cy:  <strong>Karolina Duluk<\/strong><\/p>\n\n\n\n<p>Zast\u0119pca: \u00a0\u00a0<strong>Micha\u0142 Celi\u0144ski<\/strong><\/p>\n\n\n\n<p>Opiekunowie: \u00a0<strong>p.<\/strong>\u00a0<strong>Kinga B\u0105k, \u00a0p. \u0141ukasz Doma\u0144ski i p. Anna Jagodzi\u0144ska-Mate\u0144ka<\/strong><\/p>\n\n\n\n<p>Samorz\u0105d aktywnie organizuje \u017cycie spo\u0142eczno\u015bci uczniowskiej, umo\u017cliwiaj\u0105c uczniom ZSE-G prezentacj\u0119 talent\u00f3w i rozw\u00f3j w\u0142asnych zainteresowa\u0144 w zakresie r\u00f3\u017cnych dziedzin: muzycznej, plastycznej, filmowej, informacyjnej i innych. Nasze przedsi\u0119wzi\u0119cia cechuje kreatywno\u015b\u0107 oraz wysmakowane poczucie humoru. Anga\u017cujemy si\u0119 w akcje charytatywne. Stawiamy na prac\u0119 w zgranym zespole.<\/p>\n\n\n\n<p>Zapraszamy na nasze konto instagramowe<br><\/p>\n\n\n\n<p><strong>Zseg_officia<\/strong>l<\/p>\n\n\n\n<p>Tu znajdziesz szcz\u0119\u015bliwy numerek na ka\u017cdy dzie\u0144, wa\u017cne informacje, a tak\u017ce podr\u00f3\u017ce, ciekawostki, quizy. Razem obchodzimy r\u00f3wnie\u017c te bardziej i mniej typowe \u015bwi\u0119ta. Mo\u017cesz te\u017c do nas napisa\u0107 \u2013 zapraszamy!<\/p>\n\n\n\n<p>Nasze has\u0142o to:<\/p>\n\n\n\n<p class=\"has-medium-font-size\"><strong><span style=\"color:#2ebcf8\" class=\"has-inline-color\">\u00a0 \u00a0\u00a0DZIA\u0141AMY<\/span>                    <span class=\"has-inline-color has-vivid-purple-color\">ORGANIZUJEMY<\/span>                  <span class=\"has-inline-color has-vivid-green-cyan-color\">INSPIRUJEMY<\/span>                <span class=\"has-inline-color has-luminous-vivid-orange-color\">TWORZYMY<\/span><\/strong><\/p>\n\n\n\n<p>&nbsp; &nbsp; &nbsp; &nbsp; &nbsp; &nbsp; &nbsp;                             <strong>    <\/strong><\/p>\n\n\n\n<p class=\"has-text-align-center has-medium-font-size\"><strong>Nasze dzia\u0142ania opisujemy na profilu FB szko\u0142y:<\/strong><\/p>\n\n\n\n<figure class=\"wp-block-image size-large is-resized\"><a href=\"https:\/\/www.facebook.com\/Zesp%C3%B3%C5%82-Szk%C3%B3%C5%82-Ekonomiczno-Gastronomicznych-w-Otwocku-536874759677358\/\" target=\"_blank\" rel=\"noopener\"><img loading=\"lazy\" decoding=\"async\" width=\"814\" height=\"245\" src=\"http:\/\/zseg.edu.pl\/wp-content\/uploads\/2021\/04\/znajdz-nas-na-facebooku-1.png\" alt=\"\" class=\"wp-image-620\" style=\"width:636px;height:213px\" srcset=\"http:\/\/zseg.edu.pl\/wp-content\/uploads\/2021\/04\/znajdz-nas-na-facebooku-1.png 814w, http:\/\/zseg.edu.pl\/wp-content\/uploads\/2021\/04\/znajdz-nas-na-facebooku-1-300x90.png 300w, http:\/\/zseg.edu.pl\/wp-content\/uploads\/2021\/04\/znajdz-nas-na-facebooku-1-768x231.png 768w\" sizes=\"auto, (max-width: 814px) 100vw, 814px\" \/><\/a><\/figure>\n\n\n\n<div class=\"wp-block-file\"><a id=\"wp-block-file--media-311fa80d-926e-4401-908c-027df800e6b5\" href=\"http:\/\/zseg.edu.pl\/wp-content\/uploads\/2021\/04\/regulamin-rady-rodzicow-1.pdf\"><br><br>REGULAMIN SAMORZ\u0104DU UCZNIOWSKIEGO<\/a><a href=\"http:\/\/zseg.edu.pl\/wp-content\/uploads\/2021\/04\/regulamin-rady-rodzicow-1.pdf\" class=\"wp-block-file__button wp-element-button\" download aria-describedby=\"wp-block-file--media-311fa80d-926e-4401-908c-027df800e6b5\">Pobierz<\/a><\/div>\n","protected":false},"excerpt":{"rendered":"<p>Przewodnicz\u0105cy: Karolina Duluk Zast\u0119pca: \u00a0\u00a0Micha\u0142 Celi\u0144ski Opiekunowie: \u00a0p.\u00a0Kinga B\u0105k, \u00a0p. \u0141ukasz Doma\u0144ski i p. Anna Jagodzi\u0144ska-Mate\u0144ka Samorz\u0105d aktywnie organizuje \u017cycie spo\u0142eczno\u015bci uczniowskiej, umo\u017cliwiaj\u0105c uczniom ZSE-G prezentacj\u0119 talent\u00f3w i rozw\u00f3j w\u0142asnych zainteresowa\u0144 w zakresie r\u00f3\u017cnych dziedzin: muzycznej, plastycznej, filmowej, informacyjnej i innych. Nasze przedsi\u0119wzi\u0119cia cechuje kreatywno\u015b\u0107 oraz wysmakowane poczucie humoru. Anga\u017cujemy si\u0119 w akcje charytatywne. Stawiamy [&hellip;]<\/p>\n","protected":false},"author":1,"featured_media":0,"parent":0,"menu_order":0,"comment_status":"open","ping_status":"open","template":"","meta":{"footnotes":""},"class_list":["post-189","page","type-page","status-publish","czr-hentry"],"_links":{"self":[{"href":"http:\/\/zseg.edu.pl\/index.php\/wp-json\/wp\/v2\/pages\/189","targetHints":{"allow":["GET"]}}],"collection":[{"href":"http:\/\/zseg.edu.pl\/index.php\/wp-json\/wp\/v2\/pages"}],"about":[{"href":"http:\/\/zseg.edu.pl\/index.php\/wp-json\/wp\/v2\/types\/page"}],"author":[{"embeddable":true,"href":"http:\/\/zseg.edu.pl\/index.php\/wp-json\/wp\/v2\/users\/1"}],"replies":[{"embeddable":true,"href":"http:\/\/zseg.edu.pl\/index.php\/wp-json\/wp\/v2\/comments?post=189"}],"version-history":[{"count":20,"href":"http:\/\/zseg.edu.pl\/index.php\/wp-json\/wp\/v2\/pages\/189\/revisions"}],"predecessor-version":[{"id":7014,"href":"http:\/\/zseg.edu.pl\/index.php\/wp-json\/wp\/v2\/pages\/189\/revisions\/7014"}],"wp:attachment":[{"href":"http:\/\/zseg.edu.pl\/index.php\/wp-json\/wp\/v2\/media?parent=189"}],"curies":[{"name":"wp","href":"https:\/\/api.w.org\/{rel}","templated":true}]}}